{"id":3561,"date":"2026-04-29T19:20:29","date_gmt":"2026-04-29T19:20:29","guid":{"rendered":"https:\/\/createaliveness.com\/?post_type=product&#038;p=3561"},"modified":"2026-04-29T22:00:47","modified_gmt":"2026-04-29T22:00:47","slug":"chambre-partagee-tenerife","status":"publish","type":"product","link":"https:\/\/createaliveness.com\/fr\/produit\/chambre-partagee-tenerife\/","title":{"rendered":"Chambre partag\u00e9e ~ Beyond Aliveness ~ Tenerife"},"content":{"rendered":"<p>[et_pb_section fb_built=\u00a0\u00bb1&Prime; _builder_version=\u00a0\u00bb4.27.4&Prime; _module_preset=\u00a0\u00bbdefault\u00a0\u00bb global_colors_info=\u00a0\u00bb{}\u00a0\u00bb][\/et_pb_section]<\/p>\n","protected":false},"excerpt":{"rendered":"<p><strong>15-21 Novembre 2026 ~ Chambre partag\u00e9e<\/strong><\/p>\n<p><strong>\ud83c\udf52 H\u00e9bergement inclus !<\/strong><\/p>\n","protected":false},"featured_media":3310,"template":"","meta":{"_et_pb_use_builder":"on","_et_pb_old_content":"<div id=\"block-c60af03b44792c37eca1\" class=\"sqs-block html-block sqs-block-html\" data-block-type=\"2\" data-sqsp-block=\"text\">\r\n<div class=\"sqs-block-content\">\r\n<h3><strong>La retraite<\/strong><\/h3>\r\n<h3>\ud83d\udcc5 <strong>15-21 novembre 2026<\/strong><\/h3>\r\n<h5>\ud83d\udccdFinca Chiratal, \u00e0 Tenerife (dans les \u00eeles Canaries), Espagne.<\/h5>\r\nJe vous invite \u00e0 vous joindre \u00e0 nous pour la retraite Beyond Aliveness.\r\n\r\n<b>Vous <\/b>p\u00e9n\u00e9trez dans un jardin tropical luxuriant o\u00f9 les matins ensoleill\u00e9s, l\u2019\u00e9nergie vibrante et le pouvoir de l\u2019altivit\u00e9 vous attendent !\r\n\r\nD\u00e8s le premier d\u00eener partag\u00e9 le samedi, cette retraite cr\u00e9e un portail vers la transformation \u2013 r\u00e9veillant votre corps, votre c\u0153ur et votre esprit.\r\n\r\nLe prix comprend votre h\u00e9bergement pour six nuits, tous les <a href=\"https:\/\/createaliveness.com\/fr\/menu-a-la-finca-chiratal\/\" target=\"_blank\" rel=\"noopener\">d\u00e9licieux repas biologiques<\/a> du d\u00eener du dimanche au petit d\u00e9jeuner du samedi, ainsi que les frais de scolarit\u00e9 pour l\u2019acquisition d\u2019une profonde vitalit\u00e9 et l\u2019apprentissage de la mani\u00e8re de cr\u00e9er de l\u2019alivit\u00e9 dans votre vie.\r\n\r\nVous avez le potentiel d\u2019\u00eatre travers\u00e9 par une rivi\u00e8re d\u2019\u00e9nergie fluide, extatique, qui vous donne de l\u2019\u00e9nergie, \u00e0 vous et \u00e0 vos relations. Pourtant, la plupart des gens en font rarement l\u2019exp\u00e9rience. Des rochers et des barrages bloquent le flux. Des drains \u00e9nerg\u00e9tiques vous privent lentement de votre force vitale. Cela vous semble-t-il familier ?\r\n\r\nLors de cette retraite, chaque session est con\u00e7ue pour \u00e9liminer ces blocages et arr\u00eater les drains, afin que la vitalit\u00e9 naturelle qui est en vous circule librement. Pendant sept jours, vous serez immerg\u00e9 dans la profondeur, la joie et le renouveau. La vitalit\u00e9 vous traversera comme vous ne l\u2019avez jamais ressentie auparavant \u2013 chaque jour vous am\u00e8nera plus loin, am\u00e9liorant ce qui est possible pour vous, \u00e9largissant le flux de vie constamment disponible pour vous. Au lieu d\u2019essayer de r\u00e9parer ce qui ne va pas, nous vous aiderons \u00e0 cr\u00e9er plus de ce qui va bien. La transformation et la gu\u00e9rison se produiront. De nombreux \u00ab\u00a0probl\u00e8mes\u00a0\u00bb dispara\u00eetront.\r\n\r\nLe Dr David a des dizaines d\u2019ann\u00e9es d\u2019exp\u00e9rience pour aider les gens \u00e0 s\u2019\u00e9veiller \u00e0 la vitalit\u00e9 en eux-m\u00eames et dans leurs relations. Il a parcouru ce chemin et a trouv\u00e9 sa voie vers une vitalit\u00e9 joyeuse, et il sait comment vous aider \u00e0 trouver votre voie, vous aussi.\r\n<blockquote>\r\n<h4>\u00ab\u00a0Cette retraite est un portail et un voyage o\u00f9 les blocages se dissolvent, o\u00f9 l\u2019\u00e9nergie circule librement et o\u00f9 la vie s\u2019ouvre \u00e0 la vitalit\u00e9, \u00e0 la vitalit\u00e9 profonde et \u00e0 la joie.\u00ab<\/h4>\r\n<h4>\u2013 Dr. DAVID<\/h4>\r\n<\/blockquote>\r\n<b>Au lieu d\u2019essayer de r\u00e9parer ce qui ne va pas, nous vous aiderons \u00e0 cr\u00e9er ce qui va bien. La transformation et la gu\u00e9rison se produiront. De nombreux \u00ab\u00a0probl\u00e8mes\u00a0\u00bb dispara\u00eetront. <\/b>\r\n\r\nAu fil de la semaine, le Dr David vous enseignera de plus en plus ses secrets et ses m\u00e9thodes pour cr\u00e9er cette vitalit\u00e9 par vous-m\u00eame.\r\n\r\nIci, sous le soleil de T\u00e9n\u00e9rife, dans l\u2019espace sacr\u00e9 de Finca Chiratal, vous red\u00e9couvrirez votre essence et entrerez dans la vie extraordinaire qui est d\u00e9j\u00e0 la v\u00f4tre. Pr\u00e9parez-vous \u00e0 \u00eatre excit\u00e9 par la vie.\r\n\r\nVous rentrerez chez vous avec un nouveau niveau d\u2019\u00e9nergie, un nouveau niveau de vous. Vous aurez de nouvelles comp\u00e9tences et une nouvelle base de vie profonde. C\u2019est un cadeau que tout le monde m\u00e9rite de ressentir et d\u2019avoir.\r\n<h4>Il s\u2019agit d\u2019une retraite :<\/h4>\r\n<ul>\r\n \t<li style=\"list-style-type: none\">\r\n<ul data-rte-list=\"default\">\r\n \t<li>\r\n<p class=\"\">R\u00e9veillez votre vitalit\u00e9 et gu\u00e9rissez votre corps<\/p>\r\n<\/li>\r\n \t<li>\r\n<p class=\"\">Transformez vos relations int\u00e9rieures et ext\u00e9rieures avec la v\u00e9rit\u00e9 et la connexion<\/p>\r\n<\/li>\r\n \t<li>\r\n<p class=\"\">Dansez avec votre \u00e9nergie et retrouvez votre vitalit\u00e9<\/p>\r\n<\/li>\r\n \t<li>\r\n<p class=\"\">Sentez la rivi\u00e8re de la vie qui vous traverse \u2013 forte, douce et libre<\/p>\r\n<\/li>\r\n<\/ul>\r\n<\/li>\r\n<\/ul>\r\n<p class=\"\"><\/p>\r\n\r\n<\/div>\r\n<\/div>\r\n<div id=\"block-yui_3_17_2_1_1756543683244_60766\" class=\"sqs-block image-block sqs-block-image sqs-text-ready\" data-block-type=\"5\">\r\n<div id=\"yui_3_17_2_1_1756920455728_89\" class=\"sqs-block-content\">\r\n<div id=\"yui_3_17_2_1_1756920455728_88\" class=\"image-block-outer-wrapper layout-caption-below design-layout-inline combination-animation-none individual-animation-none individual-text-animation-none sqs-narrow-width\" data-test=\"image-block-inline-outer-wrapper\"><img class=\"wp-image-3336 alignnone size-medium\" src=\"https:\/\/i0.wp.com\/createaliveness.com\/wp-content\/uploads\/2026\/04\/Screenshot-2026-03-04-at-10.00.01-copy.png?resize=593%2C358&amp;ssl=1\" alt=\"\" width=\"593\" height=\"358\" data-recalc-dims=\"1\" \/><\/div>\r\n<\/div>\r\n<\/div>\r\n<div id=\"block-yui_3_17_2_1_1756543683244_83951\" class=\"sqs-block html-block sqs-block-html\" data-block-type=\"2\" data-sqsp-block=\"text\">\r\n<div class=\"sqs-block-content\">\r\n<div class=\"sqs-html-content\" data-sqsp-text-block-content=\"\">\r\n<h3><\/h3>\r\n<h3><strong>Prix et chambres<\/strong><\/h3>\r\n<b>Informations g\u00e9n\u00e9rales sur les chambres :<\/b> Le nombre de chambres est limit\u00e9. Il y a des appartements d\u2019une chambre et de petites cabines d\u2019une chambre, des appartements de deux chambres et un appartement de trois chambres. Chaque chambre poss\u00e8de sa propre salle de bain et sa propre douche. Vous pouvez demander le logement que vous pr\u00e9f\u00e9rez, mais ceux qui s\u2019inscrivent en premier ont le premier choix. Il y a des chambres individuelles et des chambres partag\u00e9es.\r\n\r\n<strong>H\u00e9bergement et <a href=\"https:\/\/createaliveness.com\/fr\/menu-a-la-finca-chiratal\/\">repas biologiques<\/a>:<\/strong> inclus dans le prix.\r\n\r\n<span class=\"Apple-converted-space\"><b>Informations sur les chambres individuelles :<\/b> Une chambre simple dans un appartement d\u2019une chambre, une cabine ou un appartement \u00e0 plusieurs chambres. Chaque chambre dispose de sa propre salle de bains et de sa propre douche. Le prix normal est de 2295 \u20ac. <strong>Le prix super early bird est de 2095 \u20ac.<\/strong><\/span>\r\n\r\n<\/div>\r\n<\/div>\r\n<\/div>\r\n<div id=\"block-49c0194e1017a1227466\" class=\"sqs-block button-block sqs-block-button\" data-block-type=\"53\" data-sqsp-block=\"button\">\r\n<div id=\"yui_3_17_2_1_1756920455728_147\" class=\"sqs-block-content\">\r\n<div id=\"yui_3_17_2_1_1756920455728_146\" class=\"sqs-block-button-container sqs-block-button-container--center\" data-animation-role=\"button\" data-alignment=\"center\" data-button-size=\"medium\" data-button-type=\"primary\">\r\n<h5 class=\"sqs-html-content\" style=\"text-align: left\"><a href=\"https:\/\/createaliveness.com\/fr\/produit\/tenerife-chambre-simple\/\"><span style=\"text-decoration: underline;color: #0000ff\">R\u00e9server une chambre simple<\/span><\/a><\/h5>\r\n<b>Informations sur les chambres partag\u00e9es :<\/b> Pour une chambre partag\u00e9e, vous devez avoir un accord avec une autre personne pour partager une chambre. Si ce n\u2019est pas le cas, vous devrez payer pour une chambre individuelle. Contactez David ci-dessous si vous souhaitez trouver un autre participant qui souhaite partager une chambre. Une chambre partag\u00e9e diminuera le prix de l\u2019inscription pour chaque personne de <span class=\"Apple-converted-space\">\u20ac300. Le prix normal est de 1995 \u20ac. <strong>Le prix Super Early Bird est de \u20ac1795.<\/strong><\/span>\r\n<h5 class=\"sqs-html-content\"><a href=\"https:\/\/createaliveness.com\/fr\/produit\/chambre-partagee-tenerife\/\">R\u00e9servez une chambre partag\u00e9e<\/a><\/h5>\r\n<h5><a href=\"mailto:davidbreitbach@gmail.com?subject=Tenerife%20Shared%20Room%20Request\">Renseignez-vous sur la possibilit\u00e9 d'une chambre partag\u00e9e.<\/a><\/h5>\r\n<b>Est-il possible de payer en plusieurs fois ?<\/b>\r\n\r\nOui, vous trouverez ici des liens pour un plan de paiement adapt\u00e9 \u00e0 vos besoins. Ces plans sont propos\u00e9s jusqu\u2019au 21 juin.\r\n\r\n<span style=\"color: #0000ff\"><strong><em>Plans de paiement pour une chambre individuelle<\/em><\/strong><\/span>\r\n<ul>\r\n \t<li><a href=\"https:\/\/createaliveness.com\/fr\/produit\/tenerife-chambre-simple\/\"><span style=\"text-decoration: underline;color: #0000ff\">Chambre <strong>simple<\/strong> Beyond Aliveness ~ 1 paiement<\/span><\/a><\/li>\r\n \t<li><span style=\"text-decoration: underline;color: #0000ff\"><a class=\"ppvx_link___3-9-7 routelink list-plan__link\" style=\"color: #0000ff;text-decoration: underline\" href=\"https:\/\/www.paypal.com\/billing\/plans\/P-1J469972W2443480MNHZDSGA\">Chambre <strong>simple<\/strong> Beyond Aliveness ~ <strong>6 mensualit\u00e9s<\/strong> <\/a><\/span><\/li>\r\n \t<li><span style=\"text-decoration: underline;color: #0000ff\"><a class=\"ppvx_link___3-9-7 routelink list-plan__link\" style=\"color: #0000ff;text-decoration: underline\" href=\"https:\/\/www.paypal.com\/webapps\/billing\/plans\/subscribe?plan_id=P-67H42031S65987626NHZDW2A\">Chambre <strong>simple<\/strong> Beyond Aliveness ~ <strong>3 paiements<\/strong> tous les deux mois<\/a><\/span><\/li>\r\n<\/ul>\r\n<em><strong><span style=\"color: #008080\">Plans de paiement pour les chambres partag\u00e9es<\/span><\/strong><\/em>\r\n<ul>\r\n \t<li><a href=\"https:\/\/createaliveness.com\/fr\/produit\/chambre-partagee-tenerife\/\"><span style=\"color: #008080\"><span style=\"text-decoration: underline\">Chambre <strong>partag\u00e9e<\/strong> Beyond Aliveness ~ <strong>1 paiement<\/strong><\/span><\/span><\/a><\/li>\r\n \t<li><span style=\"color: #008080\"><span style=\"text-decoration: underline\"><a class=\"ppvx_link___3-9-7 routelink list-plan__link\" style=\"color: #008080;text-decoration: underline\" href=\"https:\/\/www.paypal.com\/billing\/plans\/P-9X013145UM793593BNHZDTYY\">Chambre <strong>partag\u00e9e<\/strong> Beyond Aliveness ~ <strong>6 mensualit\u00e9s<\/strong> <\/a><\/span><\/span><\/li>\r\n \t<li><span style=\"color: #008080\"><a style=\"color: #008080\" href=\"https:\/\/www.paypal.com\/webapps\/billing\/plans\/subscribe?plan_id=P-18123492DB846790BNHZDX7Y\"><span style=\"text-decoration: underline\">Chambre <strong>partag\u00e9e<\/strong> Beyond Aliveness ~<strong> 3 paiements<\/strong> tous les deux mois<\/span><\/a><\/span><\/li>\r\n<\/ul>\r\n&nbsp;\r\n\r\n<\/div>\r\n<\/div>\r\n<\/div>","_et_gb_content_width":"","om_disable_all_campaigns":false,"_uf_show_specific_survey":0,"_uf_disable_surveys":false},"product_brand":[],"product_cat":[74],"product_tag":[],"class_list":{"0":"post-3561","1":"product","2":"type-product","3":"status-publish","4":"has-post-thumbnail","6":"product_cat-all-retreats","8":"first","9":"instock","10":"sale","11":"virtual","12":"purchasable","13":"product-type-simple"},"aioseo_notices":[],"jetpack_sharing_enabled":true,"_links":{"self":[{"href":"https:\/\/createaliveness.com\/fr\/wp-json\/wp\/v2\/product\/3561","targetHints":{"allow":["GET"]}}],"collection":[{"href":"https:\/\/createaliveness.com\/fr\/wp-json\/wp\/v2\/product"}],"about":[{"href":"https:\/\/createaliveness.com\/fr\/wp-json\/wp\/v2\/types\/product"}],"wp:featuredmedia":[{"embeddable":true,"href":"https:\/\/createaliveness.com\/fr\/wp-json\/wp\/v2\/media\/3310"}],"wp:attachment":[{"href":"https:\/\/createaliveness.com\/fr\/wp-json\/wp\/v2\/media?parent=3561"}],"wp:term":[{"taxonomy":"product_brand","embeddable":true,"href":"https:\/\/createaliveness.com\/fr\/wp-json\/wp\/v2\/product_brand?post=3561"},{"taxonomy":"product_cat","embeddable":true,"href":"https:\/\/createaliveness.com\/fr\/wp-json\/wp\/v2\/product_cat?post=3561"},{"taxonomy":"product_tag","embeddable":true,"href":"https:\/\/createaliveness.com\/fr\/wp-json\/wp\/v2\/product_tag?post=3561"}],"curies":[{"name":"wp","href":"https:\/\/api.w.org\/{rel}","templated":true}]}}