{"id":3213,"date":"2026-03-10T01:46:14","date_gmt":"2026-03-10T01:46:14","guid":{"rendered":"https:\/\/createaliveness.com\/?post_type=product&#038;p=3213"},"modified":"2026-03-10T02:26:31","modified_gmt":"2026-03-10T02:26:31","slug":"stockholm-seances","status":"publish","type":"product","link":"https:\/\/createaliveness.com\/fr\/produit\/stockholm-seances\/","title":{"rendered":"Stockholm ~ 26, 27, 30 mars ~ S\u00e9ances au cabinet"},"content":{"rendered":"<p>[et_pb_section fb_built=\u00a0\u00bb1&Prime; _builder_version=\u00a0\u00bb4.27.4&Prime; _module_preset=\u00a0\u00bbdefault\u00a0\u00bb global_colors_info=\u00a0\u00bb{}\u00a0\u00bb][\/et_pb_section]<\/p>\n","protected":false},"excerpt":{"rendered":"<p>80\u20ac \u00a0(850SEK) paiement ~ Consultations avec le Dr David Breitbach<\/p>\n","protected":false},"featured_media":3203,"template":"","meta":{"_et_pb_use_builder":"on","_et_pb_old_content":"<h1>S\u00e9ances au cabinet du Dr David Breitbach<\/h1>\r\n<h2>Jeudi, vendredi et lundi 26, 27 et 30 mars 2026<\/h2>\r\n<ul>\r\n \t<li>Les consultations ont lieu de 10h30 \u00e0 13h30 chaque jour.<\/li>\r\n \t<li>Cr\u00e9neaux horaires disponibles chaque jour\u00a0: 10h30, 11h15, 12h00, 12h45 et 13h30<\/li>\r\n \t<li>Lieu\u00a0: Welledge, Kornhamnstorg 6, 111 27 Stockholm, Su\u00e8de<\/li>\r\n \t<li>Vous pouvez b\u00e9n\u00e9ficier d\u2019une ou deux s\u00e9ances par jour.<\/li>\r\n \t<li>R\u00e9servez votre ou vos s\u00e9ances en r\u00e9glant l\u2019int\u00e9gralit\u00e9 du montant sur ce site.<\/li>\r\n \t<li>Envoyez un courriel au Dr David en indiquant le jour et l\u2019heure qui vous conviennent\u00a0: <a href=\"mailto:davidbreitbach@gmail.com\">davidbreitbach@gmail.com<\/a><\/li>\r\n \t<li>Vous pouvez \u00e9galement le contacter par WhatsApp au +1\u00a0516\u00a0297\u00a05811.<\/li>\r\n \t<li>Si le cr\u00e9neau horaire que vous avez choisi est complet, le Dr David vous proposera d\u2019autres options. Si aucune ne vous convient, vous serez rembours\u00e9(e).<\/li>\r\n<\/ul>\r\nCe travail vous permettra de retrouver la vitalit\u00e9. Il a \u00e9t\u00e9 d\u00e9montr\u00e9 que cette approche inverse les effets du stress et des blessures, favorise la gu\u00e9rison du corps et stimule le syst\u00e8me nerveux pour un fonctionnement optimal.\r\n\r\nLe Dr David est convaincu que vous poss\u00e9dez le potentiel d'une \u00e9nergie vitale intense et vibrante qui vous traverse. Pourtant, la plupart des gens n'en font que rarement l'exp\u00e9rience. Des obstacles et des blocages entravent ce flux. Des \u00ab drains \u00bb \u00e9nerg\u00e9tiques vous vident lentement de votre force vitale.\r\n\r\nRessentez-vous cela ?\r\n\r\nChaque s\u00e9ance avec le Dr David permettra de lever les blocages qui entravent votre \u00e9nergie et de la lib\u00e9rer pleinement.\r\n\r\n<span style=\"color: #33cccc\">\u00ab Le travail du Dr David a transform\u00e9 ma vie. Apr\u00e8s seulement deux jours de retraite, et m\u00eame deux semaines plus tard, je me sens de plus en plus forte, vivante et profond\u00e9ment connect\u00e9e \u00e0 moi-m\u00eame et \u00e0 mes proches. \u00bb<\/span>\r\n\r\n<span style=\"color: #cc99ff\">\u00ab L'\u00e9nergie circule en moi comme je ne l'avais pas ressentie depuis des ann\u00e9es. Il y a plus de douceur, de fluidit\u00e9 et de joie \u2013 je me surprends m\u00eame \u00e0 danser \u00e0 nouveau. \u00bb<\/span>\r\n\r\n<span style=\"color: #ff99cc\">\u00ab J'\u00e9tais bloqu\u00e9e dans mes relations et ma sexualit\u00e9. Tout a chang\u00e9. Je me sens d\u00e9sormais libre, confiante et \u00e9panouie sexuellement. \u00bb<\/span>\r\n\r\n<span style=\"color: #ff00ff\">\u00ab Je ris davantage, je cr\u00e9e plus et je me sens plus authentique et connect\u00e9e aux autres. \u00bb<\/span>\r\n\r\n<span style=\"color: #ff6600\">\u00ab Je n'avais aucune attente, juste de la curiosit\u00e9. Ce que j'ai re\u00e7u a \u00e9t\u00e9 profond\u00a0: la vie reprend son cours, pleine de vitalit\u00e9 et d'authenticit\u00e9. \u00bb<\/span>","_et_gb_content_width":"","om_disable_all_campaigns":false,"_uf_show_specific_survey":0,"_uf_disable_surveys":false},"product_brand":[],"product_cat":[74],"product_tag":[73,55],"class_list":{"0":"post-3213","1":"product","2":"type-product","3":"status-publish","4":"has-post-thumbnail","6":"product_cat-all-retreats","7":"product_tag-create-aliveness-fr","8":"product_tag-paris-fr","10":"first","11":"instock","12":"virtual","13":"purchasable","14":"product-type-simple"},"aioseo_notices":[],"jetpack_sharing_enabled":true,"_links":{"self":[{"href":"https:\/\/createaliveness.com\/fr\/wp-json\/wp\/v2\/product\/3213","targetHints":{"allow":["GET"]}}],"collection":[{"href":"https:\/\/createaliveness.com\/fr\/wp-json\/wp\/v2\/product"}],"about":[{"href":"https:\/\/createaliveness.com\/fr\/wp-json\/wp\/v2\/types\/product"}],"wp:featuredmedia":[{"embeddable":true,"href":"https:\/\/createaliveness.com\/fr\/wp-json\/wp\/v2\/media\/3203"}],"wp:attachment":[{"href":"https:\/\/createaliveness.com\/fr\/wp-json\/wp\/v2\/media?parent=3213"}],"wp:term":[{"taxonomy":"product_brand","embeddable":true,"href":"https:\/\/createaliveness.com\/fr\/wp-json\/wp\/v2\/product_brand?post=3213"},{"taxonomy":"product_cat","embeddable":true,"href":"https:\/\/createaliveness.com\/fr\/wp-json\/wp\/v2\/product_cat?post=3213"},{"taxonomy":"product_tag","embeddable":true,"href":"https:\/\/createaliveness.com\/fr\/wp-json\/wp\/v2\/product_tag?post=3213"}],"curies":[{"name":"wp","href":"https:\/\/api.w.org\/{rel}","templated":true}]}}