{"id":3208,"date":"2026-03-06T03:50:59","date_gmt":"2026-03-06T03:50:59","guid":{"rendered":"https:\/\/createaliveness.com\/?post_type=product&#038;p=3208"},"modified":"2026-03-15T04:55:49","modified_gmt":"2026-03-15T04:55:49","slug":"stockholm-dimanche-29-mars","status":"publish","type":"product","link":"https:\/\/createaliveness.com\/fr\/produit\/stockholm-dimanche-29-mars\/","title":{"rendered":"Stockholm ~ Dimanche 29 mars ~ Apprenez la m\u00e9thode du Dr David"},"content":{"rendered":"<p>[et_pb_section fb_built=\u00a0\u00bb1&Prime; _builder_version=\u00a0\u00bb4.27.4&Prime; _module_preset=\u00a0\u00bbdefault\u00a0\u00bb global_colors_info=\u00a0\u00bb{}\u00a0\u00bb][\/et_pb_section]<\/p>\n","protected":false},"excerpt":{"rendered":"<p>$250 (\u20ac215) paiement ~ \u00ab\u00a0Apprenez la m\u00e9thode du Dr David\u00a0\u00bb avec le Dr David Breitbach<\/p>\n","protected":false},"featured_media":3203,"template":"","meta":{"_et_pb_use_builder":"on","_et_pb_old_content":"<h3><strong>D\u00e9couvrez la m\u00e9thode du Dr David avec le Dr David Breitbach<\/strong><\/h3>\r\n<h3>Dimanche 29 mars 2026<\/h3>\r\n<ul>\r\n \t<li>9h00 \u00e0 16h30<\/li>\r\n \t<li>Lieu\u00a0: Welledge, Kornhamnstorg 6, 111\u00a027 Stockholm, Su\u00e8de<\/li>\r\n \t<li>Le Dr David vous aidera \u00e0 cultiver la vitalit\u00e9 en vous et vous accompagnera dans votre propre cheminement pour aider les autres \u00e0 faire de m\u00eame.<\/li>\r\n \t<li>Un cadre en petit groupe, limit\u00e9 \u00e0 un maximum de 10 participants.<\/li>\r\n \t<li>R\u00e9servez votre place en r\u00e9glant le montant total sur ce site.<\/li>\r\n<\/ul>\r\nCette m\u00e9thode permet de cultiver la vitalit\u00e9 en vous. Elle a d\u00e9montr\u00e9 son efficacit\u00e9 pour inverser les effets du stress et des blessures, favoriser la gu\u00e9rison du corps et stimuler le syst\u00e8me nerveux afin d\u2019optimiser son fonctionnement. Apprenez \u00e0 travailler avec vous-m\u00eame et avec les autres.\r\n\r\nB\u00e9n\u00e9ficiez de <strong>15 % de r\u00e9duction en participant aux deux retraites<\/strong> (samedi et dimanche). Ajoutez les deux retraites \u00e0 votre panier et utilisez le code promo \u00ab\u00a0<strong>Welledge<\/strong>\u00a0\u00bb lors du paiement.\r\n<h3><strong>Learn Dr. David's Way with Dr. David Breitbach<\/strong><\/h3>\r\n<h3><strong>Sunday, March 29, 2026<\/strong><\/h3>\r\n<ul>\r\n \t<li>9h00 to 16h30<\/li>\r\n \t<li>Location: Welledge, Kornhamnstorg 6, 111 27 Stockholm, Sweden<\/li>\r\n \t<li>Dr. David will help you learn to create aliveness within you, and get you started on your journey helping others create aliveness within them.<\/li>\r\n \t<li>A small group setting, maximum 10 participants.<\/li>\r\n \t<li>Reserve your spot by paying the full amount on this site.<\/li>\r\n<\/ul>\r\n<p style=\"padding-bottom: 1em\">This work, creates aliveness within you. It has been found to reverse the effects of stress and injury, creates a healing, vibrant body, stimulating the nervous system to re-organize to a higher level of function. Learn to work with yourself and others.<\/p>\r\n<strong>15% off if you attend both Saturday &amp; Sunday retreats<\/strong>. Put both retreats in your cart and use the coupon code \"<strong>Welledge<\/strong>\" as you check out.","_et_gb_content_width":"","om_disable_all_campaigns":false,"_uf_show_specific_survey":0,"_uf_disable_surveys":false},"product_brand":[],"product_cat":[74],"product_tag":[73,55],"class_list":{"0":"post-3208","1":"product","2":"type-product","3":"status-publish","4":"has-post-thumbnail","6":"product_cat-all-retreats","7":"product_tag-create-aliveness-fr","8":"product_tag-paris-fr","10":"first","11":"instock","12":"virtual","13":"purchasable","14":"product-type-simple"},"aioseo_notices":[],"jetpack_sharing_enabled":true,"_links":{"self":[{"href":"https:\/\/createaliveness.com\/fr\/wp-json\/wp\/v2\/product\/3208","targetHints":{"allow":["GET"]}}],"collection":[{"href":"https:\/\/createaliveness.com\/fr\/wp-json\/wp\/v2\/product"}],"about":[{"href":"https:\/\/createaliveness.com\/fr\/wp-json\/wp\/v2\/types\/product"}],"wp:featuredmedia":[{"embeddable":true,"href":"https:\/\/createaliveness.com\/fr\/wp-json\/wp\/v2\/media\/3203"}],"wp:attachment":[{"href":"https:\/\/createaliveness.com\/fr\/wp-json\/wp\/v2\/media?parent=3208"}],"wp:term":[{"taxonomy":"product_brand","embeddable":true,"href":"https:\/\/createaliveness.com\/fr\/wp-json\/wp\/v2\/product_brand?post=3208"},{"taxonomy":"product_cat","embeddable":true,"href":"https:\/\/createaliveness.com\/fr\/wp-json\/wp\/v2\/product_cat?post=3208"},{"taxonomy":"product_tag","embeddable":true,"href":"https:\/\/createaliveness.com\/fr\/wp-json\/wp\/v2\/product_tag?post=3208"}],"curies":[{"name":"wp","href":"https:\/\/api.w.org\/{rel}","templated":true}]}}