{"id":2578,"date":"2025-09-04T12:30:16","date_gmt":"2025-09-04T12:30:16","guid":{"rendered":"https:\/\/createaliveness.com\/product\/apprendre-la-methode-du-dr-david-gran-canaria-chambre-partagee\/"},"modified":"2025-10-25T23:46:21","modified_gmt":"2025-10-25T23:46:21","slug":"dr-david-grande-canarie-chambre-partagee","status":"publish","type":"product","link":"https:\/\/createaliveness.com\/fr\/produit\/dr-david-grande-canarie-chambre-partagee\/","title":{"rendered":"Chambre partag\u00e9e ~ Apprendre la m\u00e9thode du Dr David ~ Grande Canarie"},"content":{"rendered":"<h2 style=\"text-align: left;\">\ud83d\udcc5 <strong>27-30 novembre 2025<\/strong><\/h2>\n<h3 style=\"text-align: left;\">\ud83d\udccdLe<strong> Masai Mara Resort \u00e0 Grande Canarie<\/strong>, une \u00eele des \u00eeles Canaries, en Espagne.<strong><br \/>\n<\/strong><\/h3>\n<h3 style=\"text-align: left;\"><strong>\ud83c\udf52 Prix \u200b\u200bsp\u00e9cial pour les premiers inscrits ~ disponible jusqu&rsquo;au 15 octobre.<\/strong><\/h3>\n<p>&nbsp;<\/p>\n<h3><strong>Dr David Breitbach<\/strong> partage ses secrets, ses m\u00e9thodes et ses connaissances.<\/h3>\n<p><strong>Cette retraite est con\u00e7ue pour vous aider \u00e0 aider les gens (et vous-m\u00eame) \u00e0 faire l&rsquo;exp\u00e9rience d&rsquo;une profonde altivit\u00e9.<\/strong><\/p>\n<p class=\"\">Chaque personne a le potentiel d&rsquo;\u00eatre travers\u00e9e par une rivi\u00e8re de vie fluide, extatique et vivante, qui lui donne du pouvoir ainsi qu&rsquo;\u00e0 ses relations. Pourtant, la plupart des gens en font rarement l&rsquo;exp\u00e9rience. Des rochers et des barrages bloquent le flux. Des drains \u00e9nerg\u00e9tiques \u00e9loignent lentement votre force vitale. Cela vous semble-t-il familier ?<\/p>\n<p class=\"\"><strong>Lors de cette retraite d&rsquo;apprentissage,<\/strong> vous apprendrez \u00e0 aider les autres (et vous-m\u00eame) \u00e0 \u00e9liminer ces blocages et \u00e0 cr\u00e9er une rivi\u00e8re de vie vivante et fluide \u00e0 l&rsquo;int\u00e9rieur de vous. Apprenez \u00e0 aider les autres (et vous-m\u00eame) \u00e0 avoir des relations dynamiques et vivantes.<\/p>\n<p>Le Dr David vous enseignera<strong> les qualit\u00e9s de chaque chakra<\/strong> et comment les \u00e9veiller. Vous apprendrez \u00e0 cr\u00e9er des<strong> courants et des ondes transformateurs<\/strong>, pour les hommes comme pour les femmes. Il vous expliquera les neuf fa\u00e7ons dont <strong>les histoires int\u00e9rieures<\/strong> (croyances limitantes) sont cach\u00e9es, et comment les r\u00e9v\u00e9ler et les int\u00e9grer avec sagesse, empathie et fluidit\u00e9. Vous pratiquerez le <strong>toucher qui cr\u00e9e une profonde vitalit\u00e9<\/strong>. Vous apprendrez \u00e0 aider les autres \u00e0 transformer leur posture et leur perspective par le mouvement et le positionnement du corps.<\/p>\n<p><strong>Vous ferez l&rsquo;exp\u00e9rience du travail du Dr David et apprendrez \u00e0 faire son travail.<\/strong> Il y aura des sessions pratiques et des sessions d&rsquo;apprentissage. Vous apprendrez \u00e0 appliquer ce que fait le Dr David \u00e0 votre propre travail et \u00e0 votre propre vie.<\/p>\n<p><strong>Le prix comprend<\/strong> votre <strong>h\u00e9bergement<\/strong> dans une chambre partag\u00e9e dans un appartement \u00e0 plusieurs pi\u00e8ces. Les sessions commencent le jeudi apr\u00e8s-midi, puis le vendredi toute la journ\u00e9e, le samedi toute la journ\u00e9e et le dimanche au petit-d\u00e9jeuner. Nous coordonnerons les horaires avec les vols d&rsquo;arriv\u00e9e et de d\u00e9part. <strong>Le prix ne comprend pas les repas, ni les transferts vers l&rsquo;a\u00e9roport.<\/strong><\/p>\n<p><span style=\"color: #0000ff;\"><em><a style=\"color: #0000ff;\" title=\"David's Way ~ Gran Canaria ~ Chambre simple\" href=\"https:\/\/createaliveness.com\/fr\/produit\/dr-david-grande-canarie-chambre-simple\/\">Pour une chambre simple, cliquez ici<\/a><\/em><\/span><\/p>\n<h4><strong>Offre sp\u00e9ciale !<\/strong><\/h4>\n<p style=\"padding-left: 40px;\">Vous pouvez choisir de participer \u00e0 la fois \u00e0 cette retraite avec le Dr David et \u00e0 la retraite \u00ab\u00a0Fully Alive\u00a0\u00bb (22-26 novembre). <em><span style=\"color: #0000ff;\"><a style=\"color: #0000ff;\" title=\"Pleinement vivant en 2025 ~ Retraite de cinq jours\" href=\"https:\/\/createaliveness.com\/fr\/pleinement-vivant-en-2025-retraite-de-cinq-jours\/\" target=\"_blank\" rel=\"noopener\"><span style=\"color: #0000ff;\">retraite \u00ab\u00a0Pleinement vivant\u00a0\u00bb (22-26 novembre<\/span>)<\/a><\/span><\/em> avec Lila Holdal et le Dr David. Quelle semaine ! Les deux se d\u00e9roulent au Masai Mara Resort ! Si vous participez aux deux, je vous offre votre chambre pour le mercredi soir entre les deux retraites.<\/p>\n<p style=\"text-align: left; padding-left: 40px;\">\u00ab\u00a0La retraite <em><span style=\"color: #0000ff;\"><a style=\"color: #0000ff;\" title=\"Pleinement vivant en 2025 ~ Retraite de cinq jours\" href=\"https:\/\/createaliveness.com\/fr\/pleinement-vivant-en-2025-retraite-de-cinq-jours\/\" target=\"_blank\" rel=\"noopener\">Retraite Pleinement Vivante<\/a><\/span><\/em> est un portail vers l&rsquo;\u00e9veil &#8211; un voyage o\u00f9 les blocages se dissolvent, o\u00f9 l&rsquo;\u00e9nergie circule librement et o\u00f9 la vie s&rsquo;ouvre \u00e0 la vitalit\u00e9, \u00e0 l&rsquo;intimit\u00e9 et \u00e0 la joie.\u00a0\u00bb &#8211; LILA &amp; Dr. DAVID<\/p>\n<p style=\"padding-left: 80px;\"><a href='https:\/\/createaliveness.com\/fr\/pleinement-vivant-en-2025-retraite-de-cinq-jours\/' class='small-button smallblue' target=\"_blank\"><strong>Retraite Pleinement Vivant<\/strong><\/a><\/p>\n<p>&nbsp;<\/p>\n<h4>Exp\u00e9riences avec le Dr David lors d&rsquo;une retraite de deux jours en juin 2025 :<\/h4>\n<blockquote>\n<p class=\"\">\u00ab\u00a0Le travail du Dr David a transform\u00e9 ma vie. Apr\u00e8s seulement deux jours de retraite, et maintenant deux semaines plus tard, je me sens de plus en plus autonome, vivante et profond\u00e9ment connect\u00e9e \u00e0 moi-m\u00eame et \u00e0 mes proches.\u00a0\u00bb<\/p>\n<\/blockquote>\n<blockquote>\n<p class=\"\">\u00ab\u00a0L&rsquo;\u00e9nergie me traverse comme je ne l&rsquo;avais pas ressentie depuis des ann\u00e9es. Il y a plus de douceur, de fluidit\u00e9 et de joie &#8211; je me surprends m\u00eame \u00e0 danser \u00e0 nouveau.\u00a0\u00bb<\/p>\n<\/blockquote>\n<blockquote>\n<p class=\"\">\u00ab\u00a0Je suis arriv\u00e9 bloqu\u00e9 dans mes relations et ma sexualit\u00e9. Ces deux aspects ont \u00e9volu\u00e9. Je me sens d\u00e9sormais libre, confiante et sexuellement vivante.\u00a0\u00bb<\/p>\n<\/blockquote>\n<blockquote>\n<p class=\"\">\u00ab\u00a0La vitalit\u00e9 profonde\u00a0se manifeste partout &#8211; au travail, avec les clients, en famille. Je ris davantage, je cr\u00e9e plus, je me sens plus vrai et plus connect\u00e9.\u00a0\u00bb<\/p>\n<\/blockquote>\n<blockquote>\n<p class=\"\">\u00ab\u00a0Je n&rsquo;avais aucune attente, seulement de la curiosit\u00e9. Ce que j&rsquo;ai re\u00e7u, c&rsquo;est une vie profonde qui repart de l&rsquo;avant, avec vitalit\u00e9 et authenticit\u00e9.\u00a0\u00bb<\/p>\n<\/blockquote>\n","protected":false},"excerpt":{"rendered":"<p><strong>27-30 Novembre 2025 ~ Chambre partag\u00e9e<\/strong><\/p>\n<p><strong>\ud83c\udf52 H\u00e9bergement partag\u00e9 inclus !<\/strong><\/p>\n","protected":false},"featured_media":2447,"template":"","meta":{"_et_pb_use_builder":"on","_et_pb_old_content":"<h2 style=\"text-align: left;\">\ud83d\udcc5 <strong>27-30 novembre 2025<\/strong><\/h2>\r\n<h3 style=\"text-align: left;\">\ud83d\udccdLe<strong> Masai Mara Resort \u00e0 Grande Canarie<\/strong>, une \u00eele des \u00eeles Canaries, en Espagne.<strong>\r\n<\/strong><\/h3>\r\n<h3 style=\"text-align: left;\"><strong>\ud83c\udf52 Prix \u200b\u200bsp\u00e9cial pour les premiers inscrits ~ disponible jusqu'au 15 octobre.<\/strong><\/h3>\r\n&nbsp;\r\n<h3><strong>Dr David Breitbach<\/strong> partage ses secrets, ses m\u00e9thodes et ses connaissances.<\/h3>\r\n<strong>Cette retraite est con\u00e7ue pour vous aider \u00e0 aider les gens (et vous-m\u00eame) \u00e0 faire l'exp\u00e9rience d'une profonde altivit\u00e9.<\/strong>\r\n<p class=\"\">Chaque personne a le potentiel d'\u00eatre travers\u00e9e par une rivi\u00e8re de vie fluide, extatique et vivante, qui lui donne du pouvoir ainsi qu'\u00e0 ses relations. Pourtant, la plupart des gens en font rarement l'exp\u00e9rience. Des rochers et des barrages bloquent le flux. Des drains \u00e9nerg\u00e9tiques \u00e9loignent lentement votre force vitale. Cela vous semble-t-il familier ?<\/p>\r\n<p class=\"\"><strong>Lors de cette retraite d'apprentissage,<\/strong> vous apprendrez \u00e0 aider les autres (et vous-m\u00eame) \u00e0 \u00e9liminer ces blocages et \u00e0 cr\u00e9er une rivi\u00e8re de vie vivante et fluide \u00e0 l'int\u00e9rieur de vous. Apprenez \u00e0 aider les autres (et vous-m\u00eame) \u00e0 avoir des relations dynamiques et vivantes.<\/p>\r\nLe Dr David vous enseignera<strong> les qualit\u00e9s de chaque chakra<\/strong> et comment les \u00e9veiller. Vous apprendrez \u00e0 cr\u00e9er des<strong> courants et des ondes transformateurs<\/strong>, pour les hommes comme pour les femmes. Il vous expliquera les neuf fa\u00e7ons dont <strong>les histoires int\u00e9rieures<\/strong> (croyances limitantes) sont cach\u00e9es, et comment les r\u00e9v\u00e9ler et les int\u00e9grer avec sagesse, empathie et fluidit\u00e9. Vous pratiquerez le <strong>toucher qui cr\u00e9e une profonde vitalit\u00e9<\/strong>. Vous apprendrez \u00e0 aider les autres \u00e0 transformer leur posture et leur perspective par le mouvement et le positionnement du corps.\r\n\r\n<strong>Vous ferez l'exp\u00e9rience du travail du Dr David et apprendrez \u00e0 faire son travail.<\/strong> Il y aura des sessions pratiques et des sessions d'apprentissage. Vous apprendrez \u00e0 appliquer ce que fait le Dr David \u00e0 votre propre travail et \u00e0 votre propre vie.\r\n\r\n<strong>Le prix comprend<\/strong> votre <strong>h\u00e9bergement<\/strong> dans une chambre partag\u00e9e dans un appartement \u00e0 plusieurs pi\u00e8ces. Les sessions commencent le jeudi apr\u00e8s-midi, puis le vendredi toute la journ\u00e9e, le samedi toute la journ\u00e9e et le dimanche au petit-d\u00e9jeuner. Nous coordonnerons les horaires avec les vols d'arriv\u00e9e et de d\u00e9part. <strong>Le prix ne comprend pas les repas, ni les transferts vers l'a\u00e9roport.<\/strong>\r\n\r\n<span style=\"color: #0000ff;\"><em><a style=\"color: #0000ff;\" title=\"David's Way ~ Gran Canaria ~ Chambre simple\" href=\"https:\/\/createaliveness.com\/fr\/produit\/dr-david-grande-canarie-chambre-simple\/\">Pour une chambre simple, cliquez ici<\/a><\/em><\/span>\r\n<h4><strong>Offre sp\u00e9ciale !<\/strong><\/h4>\r\n<p style=\"padding-left: 40px;\">Vous pouvez choisir de participer \u00e0 la fois \u00e0 cette retraite avec le Dr David et \u00e0 la retraite \"Fully Alive\" (22-26 novembre). <em><span style=\"color: #0000ff;\"><a style=\"color: #0000ff;\" title=\"Pleinement vivant en 2025 ~ Retraite de cinq jours\" href=\"https:\/\/createaliveness.com\/fr\/pleinement-vivant-en-2025-retraite-de-cinq-jours\/\" target=\"_blank\" rel=\"noopener\"><span style=\"color: #0000ff;\">retraite \"Pleinement vivant\" (22-26 novembre<\/span>)<\/a><\/span><\/em> avec Lila Holdal et le Dr David. Quelle semaine ! Les deux se d\u00e9roulent au Masai Mara Resort ! Si vous participez aux deux, je vous offre votre chambre pour le mercredi soir entre les deux retraites.<\/p>\r\n<p style=\"text-align: left; padding-left: 40px;\">\"La retraite <em><span style=\"color: #0000ff;\"><a style=\"color: #0000ff;\" title=\"Pleinement vivant en 2025 ~ Retraite de cinq jours\" href=\"https:\/\/createaliveness.com\/fr\/pleinement-vivant-en-2025-retraite-de-cinq-jours\/\" target=\"_blank\" rel=\"noopener\">Retraite Pleinement Vivante<\/a><\/span><\/em> est un portail vers l'\u00e9veil - un voyage o\u00f9 les blocages se dissolvent, o\u00f9 l'\u00e9nergie circule librement et o\u00f9 la vie s'ouvre \u00e0 la vitalit\u00e9, \u00e0 l'intimit\u00e9 et \u00e0 la joie.\" - LILA &amp; Dr. DAVID<\/p>\r\n<p style=\"padding-left: 80px;\">[button link=\"https:\/\/createaliveness.com\/fr\/pleinement-vivant-en-2025-retraite-de-cinq-jours\/\" newwindow=\"yes\"] <strong>Retraite Pleinement Vivant<\/strong>[\/button]<\/p>\r\n&nbsp;\r\n<h4>Exp\u00e9riences avec le Dr David lors d'une retraite de deux jours en juin 2025 :<\/h4>\r\n<blockquote>\r\n<p class=\"\">\"Le travail du Dr David a transform\u00e9 ma vie. Apr\u00e8s seulement deux jours de retraite, et maintenant deux semaines plus tard, je me sens de plus en plus autonome, vivante et profond\u00e9ment connect\u00e9e \u00e0 moi-m\u00eame et \u00e0 mes proches.\"<\/p>\r\n<\/blockquote>\r\n<blockquote>\r\n<p class=\"\">\"L'\u00e9nergie me traverse comme je ne l'avais pas ressentie depuis des ann\u00e9es. Il y a plus de douceur, de fluidit\u00e9 et de joie - je me surprends m\u00eame \u00e0 danser \u00e0 nouveau.\"<\/p>\r\n<\/blockquote>\r\n<blockquote>\r\n<p class=\"\">\"Je suis arriv\u00e9 bloqu\u00e9 dans mes relations et ma sexualit\u00e9. Ces deux aspects ont \u00e9volu\u00e9. Je me sens d\u00e9sormais libre, confiante et sexuellement vivante.\"<\/p>\r\n<\/blockquote>\r\n<blockquote>\r\n<p class=\"\">\"La vitalit\u00e9 profonde\u00a0se manifeste partout - au travail, avec les clients, en famille. Je ris davantage, je cr\u00e9e plus, je me sens plus vrai et plus connect\u00e9.\"<\/p>\r\n<\/blockquote>\r\n<blockquote>\r\n<p class=\"\">\"Je n'avais aucune attente, seulement de la curiosit\u00e9. Ce que j'ai re\u00e7u, c'est une vie profonde qui repart de l'avant, avec vitalit\u00e9 et authenticit\u00e9.\"<\/p>\r\n<\/blockquote>","_et_gb_content_width":"","om_disable_all_campaigns":false,"_uf_show_specific_survey":0,"_uf_disable_surveys":false},"product_brand":[],"product_cat":[74],"product_tag":[],"class_list":{"0":"post-2578","1":"product","2":"type-product","3":"status-publish","4":"has-post-thumbnail","6":"product_cat-all-retreats","8":"first","9":"outofstock","10":"virtual","11":"purchasable","12":"product-type-simple"},"aioseo_notices":[],"jetpack_sharing_enabled":true,"_links":{"self":[{"href":"https:\/\/createaliveness.com\/fr\/wp-json\/wp\/v2\/product\/2578","targetHints":{"allow":["GET"]}}],"collection":[{"href":"https:\/\/createaliveness.com\/fr\/wp-json\/wp\/v2\/product"}],"about":[{"href":"https:\/\/createaliveness.com\/fr\/wp-json\/wp\/v2\/types\/product"}],"wp:featuredmedia":[{"embeddable":true,"href":"https:\/\/createaliveness.com\/fr\/wp-json\/wp\/v2\/media\/2447"}],"wp:attachment":[{"href":"https:\/\/createaliveness.com\/fr\/wp-json\/wp\/v2\/media?parent=2578"}],"wp:term":[{"taxonomy":"product_brand","embeddable":true,"href":"https:\/\/createaliveness.com\/fr\/wp-json\/wp\/v2\/product_brand?post=2578"},{"taxonomy":"product_cat","embeddable":true,"href":"https:\/\/createaliveness.com\/fr\/wp-json\/wp\/v2\/product_cat?post=2578"},{"taxonomy":"product_tag","embeddable":true,"href":"https:\/\/createaliveness.com\/fr\/wp-json\/wp\/v2\/product_tag?post=2578"}],"curies":[{"name":"wp","href":"https:\/\/api.w.org\/{rel}","templated":true}]}}