{"id":2576,"date":"2025-09-04T12:12:49","date_gmt":"2025-09-04T12:12:49","guid":{"rendered":"https:\/\/createaliveness.com\/product\/davids-way-gran-canaria-chambre-simple\/"},"modified":"2025-10-25T23:47:20","modified_gmt":"2025-10-25T23:47:20","slug":"dr-david-grande-canarie-chambre-simple","status":"publish","type":"product","link":"https:\/\/createaliveness.com\/fr\/produit\/dr-david-grande-canarie-chambre-simple\/","title":{"rendered":"Chambre simple ~ Apprendre la m\u00e9thode du Dr David ~ Grande Canarie"},"content":{"rendered":"<p>[et_pb_section fb_built=\u00a0\u00bb1&Prime; _builder_version=\u00a0\u00bb4.27.4&Prime; _module_preset=\u00a0\u00bbdefault\u00a0\u00bb global_colors_info=\u00a0\u00bb{}\u00a0\u00bb][\/et_pb_section]<\/p>\n","protected":false},"excerpt":{"rendered":"<p><strong>27-30 Novembre 2025 ~ Chambre simple<\/strong><\/p>\n<p><strong>\ud83c\udf52 H\u00e9bergement inclus !<\/strong><\/p>\n","protected":false},"featured_media":2447,"template":"","meta":{"_et_pb_use_builder":"on","_et_pb_old_content":"<h2 style=\"text-align: left\">\ud83d\udcc5 <strong>27-30 Novembre 2025<\/strong><\/h2>\r\n<h3 style=\"text-align: left\">\ud83d\udccdLe<strong> Masai Mara Resort \u00e0 Grande <\/strong><b>Canaria<\/b>, une \u00eele des \u00eeles Canaries, en Espagne.<strong>\r\n<\/strong><\/h3>\r\n<h3 style=\"text-align: left\"><strong>\ud83c\udf52 H\u00e9bergement inclus !<\/strong><\/h3>\r\n<h4><\/h4>\r\n<h3><strong>David Breitbach<\/strong> partage ses secrets, ses m\u00e9thodes et ses connaissances.<\/h3>\r\n<strong>Cette retraite est con\u00e7ue pour vous aider \u00e0 aider les gens (et vous-m\u00eame) \u00e0 faire l'exp\u00e9rience d'une profonde altivit\u00e9.<\/strong>\r\n<p class=\"\">Chaque personne a le potentiel d'\u00eatre travers\u00e9e par une rivi\u00e8re de vie fluide, extatique et vivante, qui lui donne du pouvoir ainsi qu'\u00e0 ses relations. Pourtant, la plupart des gens en font rarement l'exp\u00e9rience. Des rochers et des barrages bloquent le flux. Des drains \u00e9nerg\u00e9tiques \u00e9loignent lentement votre force vitale. Cela vous semble-t-il familier ?<\/p>\r\n<p class=\"\"><strong>Lors de cette retraite d'apprentissage,<\/strong> vous apprendrez \u00e0 aider les autres (et vous-m\u00eame) \u00e0 \u00e9liminer ces blocages et \u00e0 cr\u00e9er une rivi\u00e8re de vie vivante et fluide \u00e0 l'int\u00e9rieur de vous. Apprenez \u00e0 aider les autres (et vous-m\u00eame) \u00e0 avoir des relations dynamiques et vivantes.<\/p>\r\n<strong>Vous ferez l'exp\u00e9rience du travail du Dr David et apprendrez \u00e0 faire son travail.<\/strong> Il y aura des sessions pratiques et des sessions d'apprentissage. Vous apprendrez \u00e0 appliquer ce que fait le Dr David \u00e0 votre propre travail et \u00e0 votre propre vie.\r\n\r\n<strong>Le prix comprend l'<\/strong> <strong>h\u00e9bergement<\/strong> en chambre individuelle dans un appartement de plusieurs pi\u00e8ces. Les sessions commencent le jeudi apr\u00e8s-midi, puis le vendredi toute la journ\u00e9e, le samedi toute la journ\u00e9e et le dimanche au petit d\u00e9jeuner. Nous coordonnerons les horaires avec les vols d'arriv\u00e9e et de d\u00e9part. <strong> Le prix ne comprend pas les repas, ni les transferts vers l'a\u00e9roport.<\/strong>\r\n\r\n<em><span style=\"color: #0000ff\"><a style=\"color: #0000ff\" title=\"Apprendre la m\u00e9thode du Dr David ~ Gran Canaria ~ Chambre partag\u00e9e\" href=\"https:\/\/createaliveness.com\/fr\/produit\/dr-david-grande-canarie-chambre-partagee\/\" target=\"_blank\" rel=\"noopener\">Pour une chambre partag\u00e9e, cliquez ici<\/a><\/span><\/em>\r\n<h3><strong>Programme <\/strong>r\u00e9vis\u00e9<\/h3>\r\n<h4>Programme du jeudi<\/h4>\r\n14h30 - 16h00 Inscription et Session 1\r\n16h15 \u00e0 18h45 Session 2\r\n19h00 D\u00eener\r\nLa plupart des participants arrivent le mercredi. (Suppl\u00e9ment sp\u00e9cial de 45 \u20ac pour une chambre)\r\n<h4>Programme\u00a0du vendredi et du samedi<\/h4>\r\n8h00 - 8h45 Petit-d\u00e9jeuner\r\n9h00 - 10h45 Session 1\r\n11h00 - 12h45 Session 2\r\n13h00 - 15h00 D\u00e9jeuner\/Temps libre\r\n15h00 - 16h45 Session 3\r\n17h00 - 18h45 Session 4\r\n19h00 D\u00eener\r\n<h4>Programme du dimanche matin<\/h4>\r\nLes sessions seront programm\u00e9es en fonction du brunch du restaurant.\r\n\r\nUne nuit d'h\u00e9bergement suppl\u00e9mentaire est disponible\r\n<h4><strong>Offre sp\u00e9ciale !<\/strong><\/h4>\r\n<p style=\"padding-left: 40px\">Vous pouvez choisir de participer \u00e0 la fois \u00e0 cette retraite avec le Dr. David et \u00e0 la retraite \"Fully Alive\" (du 22 au 26 novembre). <span style=\"color: #0000ff\"><a style=\"color: #0000ff\" title=\"Pleinement vivant en 2025 ~ Retraite de cinq jours\" href=\"https:\/\/createaliveness.com\/fr\/?page_id=2569\" target=\"_blank\" rel=\"noopener\"><em>retraite Pleinement vivant (22-26 novembre<\/em><\/a><a style=\"color: #0000ff\" title=\"Pleinement vivant en 2025 ~ Retraite de cinq jours\" href=\"https:\/\/createaliveness.com\/fr\/?page_id=2569\" target=\"_blank\" rel=\"noopener\">)<\/a><\/span> avec Lila Holdal et le Dr David. Quelle semaine ! Les deux se d\u00e9roulent au Masai Mara Resort ! Si vous participez aux deux retraites, je vous offre votre chambre pour le mercredi soir entre les deux retraites.<\/p>\r\n<p style=\"text-align: left;padding-left: 40px\">\"La retraite<em> <span style=\"color: #0000ff\"><a style=\"color: #0000ff\" title=\"Pleinement vivant en 2025 ~ Retraite de cinq jours\" href=\"https:\/\/createaliveness.com\/fr\/?page_id=2569\" target=\"_blank\" rel=\"noopener\">Retraite Pleinement Vivante<\/a><\/span><\/em> est un portail vers l'\u00e9veil - un voyage o\u00f9 les blocages se dissolvent, o\u00f9 l'\u00e9nergie circule librement et o\u00f9 la vie s'ouvre \u00e0 la vitalit\u00e9, \u00e0 l'intimit\u00e9 et \u00e0 la joie.\" - LILA &amp; Dr. DAVID<\/p>\r\n<p style=\"padding-left: 80px\">[button link=\"<a href=\"https:\/\/createaliveness.com\/fr\/pleinement-vivant-en-2025-retraite-de-cinq-jours\/\">https:\/\/createaliveness.com\/fr\/pleinement-vivant-en-2025-retraite-de-cinq-jours\/<\/a>\" newwindow=\"yes\"] <strong>Retraite Pleinement Vivant<\/strong>[\/button]<\/p>\r\n\r\n<h4><\/h4>\r\n<h4>Exp\u00e9riences avec le Dr David lors d'une retraite de deux jours en juin 2025 :<\/h4>\r\n<blockquote>\r\n<p class=\"\">\"Le travail du Dr David a transform\u00e9 ma vie. Apr\u00e8s seulement deux jours de retraite, et maintenant deux semaines plus tard, je me sens de plus en plus autonome, vivante et profond\u00e9ment connect\u00e9e \u00e0 moi-m\u00eame et \u00e0 mes proches.\"<\/p>\r\n<\/blockquote>\r\n<blockquote>\r\n<p class=\"\">\"L'\u00e9nergie me traverse comme je ne l'avais pas ressentie depuis des ann\u00e9es. Il y a plus de douceur, de fluidit\u00e9 et de joie - je me surprends m\u00eame \u00e0 danser \u00e0 nouveau.\"<\/p>\r\n<\/blockquote>\r\n<blockquote>\r\n<p class=\"\">\"Je suis arriv\u00e9 bloqu\u00e9 dans mes relations et ma sexualit\u00e9. Ces deux aspects ont \u00e9volu\u00e9. Je me sens d\u00e9sormais libre, confiante et sexuellement vivante.\"<\/p>\r\n<\/blockquote>\r\n<blockquote>\r\n<p class=\"\">\"La vitalit\u00e9 profonde se manifeste partout - au travail, avec les clients, en famille. Je ris davantage, je cr\u00e9e plus, je me sens plus vrai et plus connect\u00e9.\"<\/p>\r\n<\/blockquote>\r\n<blockquote>\r\n<p class=\"\">\"Je n'avais aucune attente, seulement de la curiosit\u00e9. Ce que j'ai re\u00e7u, c'est une vie profonde qui repart de l'avant, avec vitalit\u00e9 et authenticit\u00e9.\"<\/p>\r\n<\/blockquote>","_et_gb_content_width":"","om_disable_all_campaigns":false,"_uf_show_specific_survey":0,"_uf_disable_surveys":false},"product_brand":[],"product_cat":[74],"product_tag":[],"class_list":{"0":"post-2576","1":"product","2":"type-product","3":"status-publish","4":"has-post-thumbnail","6":"product_cat-all-retreats","8":"first","9":"instock","10":"virtual","11":"purchasable","12":"product-type-simple"},"aioseo_notices":[],"jetpack_sharing_enabled":true,"_links":{"self":[{"href":"https:\/\/createaliveness.com\/fr\/wp-json\/wp\/v2\/product\/2576","targetHints":{"allow":["GET"]}}],"collection":[{"href":"https:\/\/createaliveness.com\/fr\/wp-json\/wp\/v2\/product"}],"about":[{"href":"https:\/\/createaliveness.com\/fr\/wp-json\/wp\/v2\/types\/product"}],"wp:featuredmedia":[{"embeddable":true,"href":"https:\/\/createaliveness.com\/fr\/wp-json\/wp\/v2\/media\/2447"}],"wp:attachment":[{"href":"https:\/\/createaliveness.com\/fr\/wp-json\/wp\/v2\/media?parent=2576"}],"wp:term":[{"taxonomy":"product_brand","embeddable":true,"href":"https:\/\/createaliveness.com\/fr\/wp-json\/wp\/v2\/product_brand?post=2576"},{"taxonomy":"product_cat","embeddable":true,"href":"https:\/\/createaliveness.com\/fr\/wp-json\/wp\/v2\/product_cat?post=2576"},{"taxonomy":"product_tag","embeddable":true,"href":"https:\/\/createaliveness.com\/fr\/wp-json\/wp\/v2\/product_tag?post=2576"}],"curies":[{"name":"wp","href":"https:\/\/api.w.org\/{rel}","templated":true}]}}