{"id":3568,"date":"2026-04-29T18:13:33","date_gmt":"2026-04-29T18:13:33","guid":{"rendered":"https:\/\/createaliveness.com\/menu-a-la-finca-chiratal\/"},"modified":"2026-04-29T19:59:40","modified_gmt":"2026-04-29T19:59:40","slug":"menu-a-la-finca-chiratal","status":"publish","type":"page","link":"https:\/\/createaliveness.com\/fr\/menu-a-la-finca-chiratal\/","title":{"rendered":"Menu \u00e0 la Finca Chiratal"},"content":{"rendered":"<p>[et_pb_section fb_built=\u00a0\u00bb1&Prime; _builder_version=\u00a0\u00bb4.27.6&Prime; _module_preset=\u00a0\u00bbdefault\u00a0\u00bb global_colors_info=\u00a0\u00bb{}\u00a0\u00bb][et_pb_row _builder_version=\u00a0\u00bb4.27.4&Prime; _module_preset=\u00a0\u00bbdefault\u00a0\u00bb custom_padding=\u00a0\u00bb||33px|||\u00a0\u00bb global_colors_info=\u00a0\u00bb{}\u00a0\u00bb][et_pb_column type=\u00a0\u00bb4_4&Prime; _builder_version=\u00a0\u00bb4.27.4&Prime; _module_preset=\u00a0\u00bbdefault\u00a0\u00bb global_colors_info=\u00a0\u00bb{}\u00a0\u00bb][et_pb_text _builder_version=\u00a0\u00bb4.27.6&Prime; _module_preset=\u00a0\u00bbdefault\u00a0\u00bb hover_enabled=\u00a0\u00bb0&Prime; global_colors_info=\u00a0\u00bb{}\u00a0\u00bb sticky_enabled=\u00a0\u00bb0&Prime;]<\/p>\n<h2 style=\"text-align: center\">Le menu Beyond Aliveness ~ Tenerife<\/h2>\n<p>[\/et_pb_text][\/et_pb_column][\/et_pb_row][et_pb_row column_structure=\u00a0\u00bb1_4,1_2,1_4&Prime; _builder_version=\u00a0\u00bb4.27.4&Prime; _module_preset=\u00a0\u00bbdefault\u00a0\u00bb global_colors_info=\u00a0\u00bb{}\u00a0\u00bb][et_pb_column type=\u00a0\u00bb1_4&Prime; _builder_version=\u00a0\u00bb4.27.4&Prime; _module_preset=\u00a0\u00bbdefault\u00a0\u00bb global_colors_info=\u00a0\u00bb{}\u00a0\u00bb][\/et_pb_column][et_pb_column type=\u00a0\u00bb1_2&Prime; _builder_version=\u00a0\u00bb4.27.4&Prime; _module_preset=\u00a0\u00bbdefault\u00a0\u00bb global_colors_info=\u00a0\u00bb{}\u00a0\u00bb][et_pb_text _builder_version=\u00a0\u00bb4.27.6&Prime; _module_preset=\u00a0\u00bbdefault\u00a0\u00bb global_colors_info=\u00a0\u00bb{}\u00a0\u00bb]<\/p>\n<h4 style=\"text-align: center\">Voici les possibilit\u00e9s de notre d\u00e9licieux menu biologique \u00e0 la magique Finca Chiratal !  <\/h4>\n<p><strong><\/strong><\/p>\n<p><strong><\/strong><\/p>\n<p>[\/et_pb_text][\/et_pb_column][et_pb_column type=\u00a0\u00bb1_4&Prime; _builder_version=\u00a0\u00bb4.27.4&Prime; _module_preset=\u00a0\u00bbdefault\u00a0\u00bb global_colors_info=\u00a0\u00bb{}\u00a0\u00bb][\/et_pb_column][\/et_pb_row][et_pb_row _builder_version=\u00a0\u00bb4.27.6&Prime; _module_preset=\u00a0\u00bbdefault\u00a0\u00bb global_colors_info=\u00a0\u00bb{}\u00a0\u00bb][et_pb_column type=\u00a0\u00bb4_4&Prime; _builder_version=\u00a0\u00bb4.27.6&Prime; _module_preset=\u00a0\u00bbdefault\u00a0\u00bb global_colors_info=\u00a0\u00bb{}\u00a0\u00bb][et_pb_image src=\u00a0\u00bbhttps:\/\/createaliveness.com\/wp-content\/uploads\/2026\/04\/Screenshot-2026-04-29-at-13.00.52.png\u00a0\u00bb title_text=\u00a0\u00bbCapture d&#039;\u00e9cran le 2026-04-29 \u00e0 13.00.52&Prime; align=\u00a0\u00bbcenter\u00a0\u00bb _builder_version=\u00a0\u00bb4.27.6&Prime; _module_preset=\u00a0\u00bbdefault\u00a0\u00bb global_colors_info=\u00a0\u00bb{}\u00a0\u00bb][\/et_pb_image][\/et_pb_column][\/et_pb_row][et_pb_row _builder_version=\u00a0\u00bb4.27.6&Prime; _module_preset=\u00a0\u00bbdefault\u00a0\u00bb global_colors_info=\u00a0\u00bb{}\u00a0\u00bb][et_pb_column type=\u00a0\u00bb4_4&Prime; _builder_version=\u00a0\u00bb4.27.6&Prime; _module_preset=\u00a0\u00bbdefault\u00a0\u00bb global_colors_info=\u00a0\u00bb{}\u00a0\u00bb][dipl_masonry_gallery image_ids=\u00a0\u00bb3500,3503,3506,3509,3512,3515,3518&Prime; enable_lightbox=\u00a0\u00bbon\u00a0\u00bb _builder_version=\u00a0\u00bb4.27.6&Prime; _module_preset=\u00a0\u00bbdefault\u00a0\u00bb global_colors_info=\u00a0\u00bb{}\u00a0\u00bb][\/dipl_masonry_gallery][\/et_pb_column][\/et_pb_row][et_pb_row column_structure=\u00a0\u00bb1_2,1_2&Prime; _builder_version=\u00a0\u00bb4.27.6&Prime; _module_preset=\u00a0\u00bbdefault\u00a0\u00bb global_colors_info=\u00a0\u00bb{}\u00a0\u00bb][et_pb_column type=\u00a0\u00bb1_2&Prime; _builder_version=\u00a0\u00bb4.27.6&Prime; _module_preset=\u00a0\u00bbdefault\u00a0\u00bb global_colors_info=\u00a0\u00bb{}\u00a0\u00bb][et_pb_image src=\u00a0\u00bbhttps:\/\/createaliveness.com\/wp-content\/uploads\/2026\/04\/Screenshot-2026-04-29-at-13.00.44-1.png\u00a0\u00bb title_text=\u00a0\u00bbCapture d&#039;\u00e9cran le 2026-04-29 \u00e0 13.00.44&Prime; _builder_version=\u00a0\u00bb4.27.6&Prime; _module_preset=\u00a0\u00bbdefault\u00a0\u00bb global_colors_info=\u00a0\u00bb{}\u00a0\u00bb][\/et_pb_image][\/et_pb_column][et_pb_column type=\u00a0\u00bb1_2&Prime; _builder_version=\u00a0\u00bb4.27.6&Prime; _module_preset=\u00a0\u00bbdefault\u00a0\u00bb global_colors_info=\u00a0\u00bb{}\u00a0\u00bb][et_pb_image src=\u00a0\u00bbhttps:\/\/createaliveness.com\/wp-content\/uploads\/2026\/04\/Screenshot-2026-04-29-at-13.00.59.png\u00a0\u00bb title_text=\u00a0\u00bbCapture d&#039;\u00e9cran 2026-04-29 \u00e0 13.00.59&Prime; _builder_version=\u00a0\u00bb4.27.6&Prime; _module_preset=\u00a0\u00bbdefault\u00a0\u00bb global_colors_info=\u00a0\u00bb{}\u00a0\u00bb][\/et_pb_image][\/et_pb_column][\/et_pb_row][\/et_pb_section]<\/p>\n","protected":false},"excerpt":{"rendered":"<p>Le menu Beyond Aliveness ~ TenerifeVoici les possibilit\u00e9s de notre d\u00e9licieux menu biologique \u00e0 la magique Finca Chiratal ! <div class=\"et_pb_module dipl_masonry_gallery dipl_masonry_gallery_0\">\n\t\t\t\t\n\t\t\t\t\n\t\t\t\t\n\t\t\t\t\n\t\t\t\t\n\t\t\t\t\n\t\t\t\t<div class=\"et_pb_module_inner\">\n\t\t\t\t\t<div class=\"dipl_masonry_gallery_wrapper\">\n\t\t\t\t<div class=\"dipl_masonry_gallery_item_gutter\"><\/div>\n\t\t\t\t<a href=\"https:\/\/createaliveness.com\/wp-content\/uploads\/2026\/04\/Screenshot-2026-04-29-at-13.01.48.png\" class=\"dipl_masonry_gallery_item\">\n\t\t\t\t\t\t<div class=\"dipl_masonry_gallery_image_wrapper\"><img width=\"232\" height=\"300\" src=\"https:\/\/i0.wp.com\/createaliveness.com\/wp-content\/uploads\/2026\/04\/Screenshot-2026-04-29-at-13.01.48.png?fit=232%2C300&amp;ssl=1\" class=\"attachment-medium size-medium no-lazyload skip-lazy\" alt=\"\" decoding=\"async\" loading=\"lazy\" srcset=\"https:\/\/i0.wp.com\/createaliveness.com\/wp-content\/uploads\/2026\/04\/Screenshot-2026-04-29-at-13.01.48.png?w=773&amp;ssl=1 773w, https:\/\/i0.wp.com\/createaliveness.com\/wp-content\/uploads\/2026\/04\/Screenshot-2026-04-29-at-13.01.48.png?resize=232%2C300&amp;ssl=1 232w, https:\/\/i0.wp.com\/createaliveness.com\/wp-content\/uploads\/2026\/04\/Screenshot-2026-04-29-at-13.01.48.png?resize=768%2C994&amp;ssl=1 768w, https:\/\/i0.wp.com\/createaliveness.com\/wp-content\/uploads\/2026\/04\/Screenshot-2026-04-29-at-13.01.48.png?resize=400%2C516&amp;ssl=1 400w, https:\/\/i0.wp.com\/createaliveness.com\/wp-content\/uploads\/2026\/04\/Screenshot-2026-04-29-at-13.01.48.png?resize=480%2C621&amp;ssl=1 480w, https:\/\/i0.wp.com\/createaliveness.com\/wp-content\/uploads\/2026\/04\/Screenshot-2026-04-29-at-13.01.48.png?resize=600%2C776&amp;ssl=1 600w\" sizes=\"(max-width: 232px) 100vw, 232px\" \/> <\/div>\n\t\t\t\t\t\t\n\t\t\t\t\t<\/a><a href=\"https:\/\/createaliveness.com\/wp-content\/uploads\/2026\/04\/Screenshot-2026-04-29-at-13.02.04.png\" class=\"dipl_masonry_gallery_item\">\n\t\t\t\t\t\t<div class=\"dipl_masonry_gallery_image_wrapper\"><img width=\"232\" height=\"300\" src=\"https:\/\/i0.wp.com\/createaliveness.com\/wp-content\/uploads\/2026\/04\/Screenshot-2026-04-29-at-13.02.04.png?fit=232%2C300&amp;ssl=1\" class=\"attachment-medium size-medium no-lazyload skip-lazy\" alt=\"\" decoding=\"async\" loading=\"lazy\" srcset=\"https:\/\/i0.wp.com\/createaliveness.com\/wp-content\/uploads\/2026\/04\/Screenshot-2026-04-29-at-13.02.04.png?w=773&amp;ssl=1 773w, https:\/\/i0.wp.com\/createaliveness.com\/wp-content\/uploads\/2026\/04\/Screenshot-2026-04-29-at-13.02.04.png?resize=232%2C300&amp;ssl=1 232w, https:\/\/i0.wp.com\/createaliveness.com\/wp-content\/uploads\/2026\/04\/Screenshot-2026-04-29-at-13.02.04.png?resize=768%2C994&amp;ssl=1 768w, https:\/\/i0.wp.com\/createaliveness.com\/wp-content\/uploads\/2026\/04\/Screenshot-2026-04-29-at-13.02.04.png?resize=400%2C516&amp;ssl=1 400w, https:\/\/i0.wp.com\/createaliveness.com\/wp-content\/uploads\/2026\/04\/Screenshot-2026-04-29-at-13.02.04.png?resize=480%2C621&amp;ssl=1 480w, https:\/\/i0.wp.com\/createaliveness.com\/wp-content\/uploads\/2026\/04\/Screenshot-2026-04-29-at-13.02.04.png?resize=600%2C776&amp;ssl=1 600w\" sizes=\"(max-width: 232px) 100vw, 232px\" \/> <\/div>\n\t\t\t\t\t\t\n\t\t\t\t\t<\/a><a href=\"https:\/\/createaliveness.com\/wp-content\/uploads\/2026\/04\/Screenshot-2026-04-29-at-13.02.16.png\" class=\"dipl_masonry_gallery_item\">\n\t\t\t\t\t\t<div class=\"dipl_masonry_gallery_image_wrapper\"><img width=\"231\" height=\"300\" src=\"https:\/\/i0.wp.com\/createaliveness.com\/wp-content\/uploads\/2026\/04\/Screenshot-2026-04-29-at-13.02.16.png?fit=231%2C300&amp;ssl=1\" class=\"attachment-medium size-medium no-lazyload skip-lazy\" alt=\"\" decoding=\"async\" loading=\"lazy\" srcset=\"https:\/\/i0.wp.com\/createaliveness.com\/wp-content\/uploads\/2026\/04\/Screenshot-2026-04-29-at-13.02.16.png?w=771&amp;ssl=1 771w, https:\/\/i0.wp.com\/createaliveness.com\/wp-content\/uploads\/2026\/04\/Screenshot-2026-04-29-at-13.02.16.png?resize=231%2C300&amp;ssl=1 231w, https:\/\/i0.wp.com\/createaliveness.com\/wp-content\/uploads\/2026\/04\/Screenshot-2026-04-29-at-13.02.16.png?resize=768%2C996&amp;ssl=1 768w, https:\/\/i0.wp.com\/createaliveness.com\/wp-content\/uploads\/2026\/04\/Screenshot-2026-04-29-at-13.02.16.png?resize=480%2C623&amp;ssl=1 480w, https:\/\/i0.wp.com\/createaliveness.com\/wp-content\/uploads\/2026\/04\/Screenshot-2026-04-29-at-13.02.16.png?resize=600%2C778&amp;ssl=1 600w\" sizes=\"(max-width: 231px) 100vw, 231px\" \/> <\/div>\n\t\t\t\t\t\t\n\t\t\t\t\t<\/a><a href=\"https:\/\/createaliveness.com\/wp-content\/uploads\/2026\/04\/Screenshot-2026-04-29-at-13.02.36.png\" class=\"dipl_masonry_gallery_item\">\n\t\t\t\t\t\t<div class=\"dipl_masonry_gallery_image_wrapper\"><img width=\"234\" height=\"300\" src=\"https:\/\/i0.wp.com\/createaliveness.com\/wp-content\/uploads\/2026\/04\/Screenshot-2026-04-29-at-13.02.36.png?fit=234%2C300&amp;ssl=1\" class=\"attachment-medium size-medium no-lazyload skip-lazy\" alt=\"\" decoding=\"async\" loading=\"lazy\" srcset=\"https:\/\/i0.wp.com\/createaliveness.com\/wp-content\/uploads\/2026\/04\/Screenshot-2026-04-29-at-13.02.36.png?w=781&amp;ssl=1 781w, https:\/\/i0.wp.com\/createaliveness.com\/wp-content\/uploads\/2026\/04\/Screenshot-2026-04-29-at-13.02.36.png?resize=234%2C300&amp;ssl=1 234w, https:\/\/i0.wp.com\/createaliveness.com\/wp-content\/uploads\/2026\/04\/Screenshot-2026-04-29-at-13.02.36.png?resize=768%2C983&amp;ssl=1 768w, https:\/\/i0.wp.com\/createaliveness.com\/wp-content\/uploads\/2026\/04\/Screenshot-2026-04-29-at-13.02.36.png?resize=480%2C615&amp;ssl=1 480w, https:\/\/i0.wp.com\/createaliveness.com\/wp-content\/uploads\/2026\/04\/Screenshot-2026-04-29-at-13.02.36.png?resize=600%2C768&amp;ssl=1 600w\" sizes=\"(max-width: 234px) 100vw, 234px\" \/> <\/div>\n\t\t\t\t\t\t\n\t\t\t\t\t<\/a><a href=\"https:\/\/createaliveness.com\/wp-content\/uploads\/2026\/04\/Screenshot-2026-04-29-at-13.02.46.png\" class=\"dipl_masonry_gallery_item\">\n\t\t\t\t\t\t<div class=\"dipl_masonry_gallery_image_wrapper\"><img width=\"233\" height=\"300\" src=\"https:\/\/i0.wp.com\/createaliveness.com\/wp-content\/uploads\/2026\/04\/Screenshot-2026-04-29-at-13.02.46.png?fit=233%2C300&amp;ssl=1\" class=\"attachment-medium size-medium no-lazyload skip-lazy\" alt=\"\" decoding=\"async\" loading=\"lazy\" srcset=\"https:\/\/i0.wp.com\/createaliveness.com\/wp-content\/uploads\/2026\/04\/Screenshot-2026-04-29-at-13.02.46.png?w=776&amp;ssl=1 776w, https:\/\/i0.wp.com\/createaliveness.com\/wp-content\/uploads\/2026\/04\/Screenshot-2026-04-29-at-13.02.46.png?resize=233%2C300&amp;ssl=1 233w, https:\/\/i0.wp.com\/createaliveness.com\/wp-content\/uploads\/2026\/04\/Screenshot-2026-04-29-at-13.02.46.png?resize=768%2C990&amp;ssl=1 768w, https:\/\/i0.wp.com\/createaliveness.com\/wp-content\/uploads\/2026\/04\/Screenshot-2026-04-29-at-13.02.46.png?resize=400%2C516&amp;ssl=1 400w, https:\/\/i0.wp.com\/createaliveness.com\/wp-content\/uploads\/2026\/04\/Screenshot-2026-04-29-at-13.02.46.png?resize=480%2C619&amp;ssl=1 480w, https:\/\/i0.wp.com\/createaliveness.com\/wp-content\/uploads\/2026\/04\/Screenshot-2026-04-29-at-13.02.46.png?resize=600%2C773&amp;ssl=1 600w\" sizes=\"(max-width: 233px) 100vw, 233px\" \/> <\/div>\n\t\t\t\t\t\t\n\t\t\t\t\t<\/a><a href=\"https:\/\/createaliveness.com\/wp-content\/uploads\/2026\/04\/Screenshot-2026-04-29-at-13.02.55.png\" class=\"dipl_masonry_gallery_item\">\n\t\t\t\t\t\t<div class=\"dipl_masonry_gallery_image_wrapper\"><img width=\"233\" height=\"300\" src=\"https:\/\/i0.wp.com\/createaliveness.com\/wp-content\/uploads\/2026\/04\/Screenshot-2026-04-29-at-13.02.55.png?fit=233%2C300&amp;ssl=1\" class=\"attachment-medium size-medium no-lazyload skip-lazy\" alt=\"\" decoding=\"async\" loading=\"lazy\" srcset=\"https:\/\/i0.wp.com\/createaliveness.com\/wp-content\/uploads\/2026\/04\/Screenshot-2026-04-29-at-13.02.55.png?w=775&amp;ssl=1 775w, https:\/\/i0.wp.com\/createaliveness.com\/wp-content\/uploads\/2026\/04\/Screenshot-2026-04-29-at-13.02.55.png?resize=233%2C300&amp;ssl=1 233w, https:\/\/i0.wp.com\/createaliveness.com\/wp-content\/uploads\/2026\/04\/Screenshot-2026-04-29-at-13.02.55.png?resize=768%2C991&amp;ssl=1 768w, https:\/\/i0.wp.com\/createaliveness.com\/wp-content\/uploads\/2026\/04\/Screenshot-2026-04-29-at-13.02.55.png?resize=400%2C516&amp;ssl=1 400w, https:\/\/i0.wp.com\/createaliveness.com\/wp-content\/uploads\/2026\/04\/Screenshot-2026-04-29-at-13.02.55.png?resize=480%2C619&amp;ssl=1 480w, https:\/\/i0.wp.com\/createaliveness.com\/wp-content\/uploads\/2026\/04\/Screenshot-2026-04-29-at-13.02.55.png?resize=600%2C774&amp;ssl=1 600w\" sizes=\"(max-width: 233px) 100vw, 233px\" \/> <\/div>\n\t\t\t\t\t\t\n\t\t\t\t\t<\/a><a href=\"https:\/\/createaliveness.com\/wp-content\/uploads\/2026\/04\/Screenshot-2026-04-29-at-13.03.05.png\" class=\"dipl_masonry_gallery_item\">\n\t\t\t\t\t\t<div class=\"dipl_masonry_gallery_image_wrapper\"><img width=\"230\" height=\"300\" src=\"https:\/\/i0.wp.com\/createaliveness.com\/wp-content\/uploads\/2026\/04\/Screenshot-2026-04-29-at-13.03.05.png?fit=230%2C300&amp;ssl=1\" class=\"attachment-medium size-medium no-lazyload skip-lazy\" alt=\"\" decoding=\"async\" loading=\"lazy\" srcset=\"https:\/\/i0.wp.com\/createaliveness.com\/wp-content\/uploads\/2026\/04\/Screenshot-2026-04-29-at-13.03.05.png?w=768&amp;ssl=1 768w, https:\/\/i0.wp.com\/createaliveness.com\/wp-content\/uploads\/2026\/04\/Screenshot-2026-04-29-at-13.03.05.png?resize=230%2C300&amp;ssl=1 230w, https:\/\/i0.wp.com\/createaliveness.com\/wp-content\/uploads\/2026\/04\/Screenshot-2026-04-29-at-13.03.05.png?resize=480%2C625&amp;ssl=1 480w, https:\/\/i0.wp.com\/createaliveness.com\/wp-content\/uploads\/2026\/04\/Screenshot-2026-04-29-at-13.03.05.png?resize=600%2C781&amp;ssl=1 600w\" sizes=\"(max-width: 230px) 100vw, 230px\" \/> <\/div>\n\t\t\t\t\t\t\n\t\t\t\t\t<\/a>\n\t\t\t<\/div>\n\t\t\t\t<\/div>\n\t\t\t<\/div><\/p>\n","protected":false},"author":1,"featured_media":0,"parent":0,"menu_order":0,"comment_status":"closed","ping_status":"closed","template":"","meta":{"_et_pb_use_builder":"on","_et_pb_old_content":"","_et_gb_content_width":"","om_disable_all_campaigns":false,"_uf_show_specific_survey":0,"_uf_disable_surveys":false,"footnotes":""},"class_list":["post-3568","page","type-page","status-publish","hentry"],"aioseo_notices":[],"jetpack_sharing_enabled":true,"_links":{"self":[{"href":"https:\/\/createaliveness.com\/fr\/wp-json\/wp\/v2\/pages\/3568","targetHints":{"allow":["GET"]}}],"collection":[{"href":"https:\/\/createaliveness.com\/fr\/wp-json\/wp\/v2\/pages"}],"about":[{"href":"https:\/\/createaliveness.com\/fr\/wp-json\/wp\/v2\/types\/page"}],"author":[{"embeddable":true,"href":"https:\/\/createaliveness.com\/fr\/wp-json\/wp\/v2\/users\/1"}],"replies":[{"embeddable":true,"href":"https:\/\/createaliveness.com\/fr\/wp-json\/wp\/v2\/comments?post=3568"}],"version-history":[{"count":4,"href":"https:\/\/createaliveness.com\/fr\/wp-json\/wp\/v2\/pages\/3568\/revisions"}],"predecessor-version":[{"id":3572,"href":"https:\/\/createaliveness.com\/fr\/wp-json\/wp\/v2\/pages\/3568\/revisions\/3572"}],"wp:attachment":[{"href":"https:\/\/createaliveness.com\/fr\/wp-json\/wp\/v2\/media?parent=3568"}],"curies":[{"name":"wp","href":"https:\/\/api.w.org\/{rel}","templated":true}]}}