{"id":2913,"date":"2024-10-09T19:11:32","date_gmt":"2024-10-09T19:11:32","guid":{"rendered":"https:\/\/createaliveness.com\/trois-courants\/"},"modified":"2025-10-09T17:03:12","modified_gmt":"2025-10-09T17:03:12","slug":"trois-courants","status":"publish","type":"page","link":"https:\/\/createaliveness.com\/fr\/trois-courants\/","title":{"rendered":"Trois courants"},"content":{"rendered":"<p>[et_pb_section fb_built=\u00a0\u00bb1&Prime; admin_label=\u00a0\u00bbHero\u00a0\u00bb _builder_version=\u00a0\u00bb4.23.1&Prime; _module_preset=\u00a0\u00bbdefault\u00a0\u00bb custom_padding=\u00a0\u00bb||||false|false\u00a0\u00bb locked=\u00a0\u00bboff\u00a0\u00bb collapsed=\u00a0\u00bbon\u00a0\u00bb global_colors_info=\u00a0\u00bb{}\u00a0\u00bb][et_pb_row column_structure=\u00a0\u00bb1_2,1_2&Prime; _builder_version=\u00a0\u00bb4.27.4&Prime; _module_preset=\u00a0\u00bb5138c454-be54-4233-bd3b-f8e6a8747976&Prime; hover_enabled=\u00a0\u00bb0&Prime; locked=\u00a0\u00bboff\u00a0\u00bb global_colors_info=\u00a0\u00bb{}\u00a0\u00bb sticky_enabled=\u00a0\u00bb0&Prime;][et_pb_column type=\u00a0\u00bb1_2&Prime; _builder_version=\u00a0\u00bb4.27.4&Prime; _module_preset=\u00a0\u00bb73121f80-a3ef-4484-8763-c3f18e3c56d2&Prime; custom_padding=\u00a0\u00bb20px||||false|false\u00a0\u00bb custom_padding_tablet=\u00a0\u00bb0px||||false|false\u00a0\u00bb custom_padding_phone=\u00a0\u00bb0px||||false|false\u00a0\u00bb custom_padding_last_edited=\u00a0\u00bbon|desktop\u00a0\u00bb hover_enabled=\u00a0\u00bb0&Prime; global_colors_info=\u00a0\u00bb{}\u00a0\u00bb sticky_enabled=\u00a0\u00bb0&Prime;][et_pb_heading title=\u00a0\u00bbD\u00e9velopper les trois courants internes\u00a0\u00bb _builder_version=\u00a0\u00bb4.27.4&Prime; _module_preset=\u00a0\u00bbc33f07d9-41e0-421a-8799-5799df695cce\u00a0\u00bb title_text_align=\u00a0\u00bbcenter\u00a0\u00bb hover_enabled=\u00a0\u00bb0&Prime; locked=\u00a0\u00bboff\u00a0\u00bb global_colors_info=\u00a0\u00bb{}\u00a0\u00bb custom_margin=\u00a0\u00bb||4px||false|false\u00a0\u00bb sticky_enabled=\u00a0\u00bb0&Prime;][\/et_pb_heading][et_pb_text _builder_version=\u00a0\u00bb4.27.4&Prime; _module_preset=\u00a0\u00bb2c55a9c4-feed-423b-9edb-ae0b5b365cac\u00a0\u00bb header_text_align=\u00a0\u00bbcenter\u00a0\u00bb text_orientation=\u00a0\u00bbcenter\u00a0\u00bb hover_enabled=\u00a0\u00bb0&Prime; locked=\u00a0\u00bboff\u00a0\u00bb global_colors_info=\u00a0\u00bb{}\u00a0\u00bb sticky_enabled=\u00a0\u00bb0&Prime; header_4_font_size=\u00a0\u00bb19px\u00a0\u00bb]<\/p>\n<h4><b>avec le Dr. David Breitbach<br \/>&amp; Lila Holdal<\/b><\/h4>\n<p>[\/et_pb_text][et_pb_text _builder_version=\u00a0\u00bb4.27.4&Prime; _module_preset=\u00a0\u00bb2c55a9c4-feed-423b-9edb-ae0b5b365cac\u00a0\u00bb locked=\u00a0\u00bboff\u00a0\u00bb global_colors_info=\u00a0\u00bb{}\u00a0\u00bb]<\/p>\n<p><strong>Vos sources d&rsquo;amour (chakras), lorsqu&rsquo;elles sont vivantes et fluides, cr\u00e9ent une rivi\u00e8re qui vous traverse.<\/strong>  Cette rivi\u00e8re d&rsquo;Ahz coule de votre racine \u00e0 votre couronne le long de son canal de lib\u00e9ration et de votre couronne \u00e0 votre racine le long de son canal d&rsquo;incarnation. Le canal d&rsquo;unification s&rsquo;ouvre pleinement lorsque le flux est suffisant dans les deux premiers canaux. <\/p>\n<p>Un petit flux constant existe dans chacun de ces canaux tant que vous vivez. Ce petit flux vous maintient en vie.   <strong>Cependant, il ne suffit pas de cr\u00e9er et de soutenir l&rsquo;activit\u00e9 de transformation n\u00e9cessaire \u00e0 une vie profond\u00e9ment vivante et exceptionnellement abondante.<\/strong> Les obstacles \u00e0 votre \u00e9panouissement resteront en place. Vous n&rsquo;obtiendrez pas l&rsquo;\u00e9nergie, la vitalit\u00e9 et l&rsquo;autonomisation possibles&#8230; sans un flux vraiment profond \u00e0 travers vos canaux. <\/p>\n<p>Heureusement, <strong>vous pouvez g\u00e9n\u00e9rer des courants jaillissants dans ces canaux afin d&rsquo;\u00e9nergiser, d&rsquo;augmenter et de prioriser le flux dans votre rivi\u00e8re.<\/strong> D\u00e9veloppez ces courants et vous cr\u00e9erez l&rsquo;ample flux essentiel \u00e0 la transformation et \u00e0 l&rsquo;illumination.<\/p>\n<p><strong>Ne vous inqui\u00e9tez pas ! Lors de nos retraites de 5 jours, nous vous guiderons et vous aiderons \u00e0 cr\u00e9er les \u00e9tapes n\u00e9cessaires \u00e0 la circulation de vos courants. <\/strong> Une relation vivante avec le moment pr\u00e9sent sera en soi vivifiante et d\u00e9licieuse. La deuxi\u00e8me \u00e9tape consistera \u00e0 d\u00e9velopper la vivacit\u00e9 de vos sources d&rsquo;amour, en \u00e9liminant les obstacles \u00e0 leur puissant \u00e9tat naturel. Ensuite, nous vous aiderons \u00e0 prendre les mesures n\u00e9cessaires pour initier un flux merveilleux dans chacun des courants de votre rivi\u00e8re<i>.<\/i> Cela apporte une profonde vitalit\u00e9 en vous et dans vos relations avec les autres. Faites-en votre super pouvoir ! Rejoignez-nous !    <\/p>\n<p>[\/et_pb_text][\/et_pb_column][et_pb_column type=\u00a0\u00bb1_2&Prime; _builder_version=\u00a0\u00bb4.23.1&Prime; _module_preset=\u00a0\u00bb73121f80-a3ef-4484-8763-c3f18e3c56d2&Prime; global_colors_info=\u00a0\u00bb{}\u00a0\u00bb][et_pb_image src=\u00a0\u00bbhttps:\/\/images.unsplash.com\/photo-1701351066455-1c931e0d0ed9?ixid=M3w1ODkyNzF8MHwxfHNlYXJjaHwyfHx2aWJyYW50JTIwbmF0dXJlJTIwbGFuZHNjYXBlfGVufDB8Mnx8fDE3Mjg1MDA4OTh8MA&#038;ixlib=rb-4.0.3&#038;fm=webp&#038;fit=crop&#038;crop=entropy&#038;w=800&#038;h=800&#038;q=20&#038;dpr=2&Prime; title_text=\u00a0\u00bb800&#215;800&Prime; _builder_version=\u00a0\u00bb4.25.2&Prime; _module_preset=\u00a0\u00bb1cc6152f-565c-4c4d-b0c9-cf8c9576c341&Prime; custom_margin=\u00a0\u00bb|-10vw|||false|false\u00a0\u00bb custom_margin_tablet=\u00a0\u00bb|0vw|||false|false\u00a0\u00bb custom_margin_phone=\u00a0\u00bb|0vw|||false|false\u00a0\u00bb custom_margin_last_edited=\u00a0\u00bbon|tablet\u00a0\u00bb box_shadow_style=\u00a0\u00bbpreset4&Prime; box_shadow_horizontal=\u00a0\u00bb0px\u00a0\u00bb box_shadow_vertical=\u00a0\u00bb24px\u00a0\u00bb box_shadow_blur=\u00a0\u00bb72px\u00a0\u00bb box_shadow_spread=\u00a0\u00bb-12px\u00a0\u00bb locked=\u00a0\u00bboff\u00a0\u00bb global_colors_info=\u00a0\u00bb{}\u00a0\u00bb][\/et_pb_image][et_pb_button button_url=\u00a0\u00bb@ET-DC@eyJkeW5hbWljIjp0cnVlLCJjb250ZW50IjoicG9zdF9saW5rX3VybF9wYWdlIiwic2V0dGluZ3MiOnsicG9zdF9pZCI6IjIzNDkifX0=@\u00a0\u00bb url_new_window=\u00a0\u00bbon\u00a0\u00bb button_text=\u00a0\u00bbA propos de la retraite de Gran Canaria et des liens d&apos;inscription\u00a0\u00bb button_alignment=\u00a0\u00bbright\u00a0\u00bb _builder_version=\u00a0\u00bb4.27.4&Prime; _dynamic_attributes=\u00a0\u00bbbutton_url\u00a0\u00bb _module_preset=\u00a0\u00bbdefault\u00a0\u00bb button_text_size=\u00a0\u00bb15px\u00a0\u00bb button_bg_color=\u00a0\u00bbgcid-bdeab0a7-e94b-425f-968a-b91dd457096d\u00a0\u00bb button_use_icon=\u00a0\u00bboff\u00a0\u00bb hover_enabled=\u00a0\u00bb0&Prime; global_colors_info=\u00a0\u00bb{%22gcid-bdeab0a7-e94b-425f-968a-b91dd457096d%22:%91%22button_bg_color%22%93}\u00a0\u00bb custom_padding=\u00a0\u00bb20px|24px|20px|24px|true|true\u00a0\u00bb sticky_enabled=\u00a0\u00bb0&Prime; custom_margin=\u00a0\u00bb20px||||false|false\u00a0\u00bb][\/et_pb_button][\/et_pb_column][\/et_pb_row][\/et_pb_section][et_pb_section fb_built=\u00a0\u00bb1&Prime; admin_label=\u00a0\u00bbText &#038; Image\u00a0\u00bb _builder_version=\u00a0\u00bb4.18.0&Prime; _module_preset=\u00a0\u00bbdefault\u00a0\u00bb locked=\u00a0\u00bboff\u00a0\u00bb collapsed=\u00a0\u00bbon\u00a0\u00bb global_colors_info=\u00a0\u00bb{}\u00a0\u00bb][et_pb_row column_structure=\u00a0\u00bb1_2,1_2&Prime; _builder_version=\u00a0\u00bb4.24.3&Prime; _module_preset=\u00a0\u00bb5138c454-be54-4233-bd3b-f8e6a8747976&Prime; global_colors_info=\u00a0\u00bb{}\u00a0\u00bb][et_pb_column type=\u00a0\u00bb1_2&Prime; _builder_version=\u00a0\u00bb4.16&Prime; _module_preset=\u00a0\u00bb73121f80-a3ef-4484-8763-c3f18e3c56d2&Prime; global_colors_info=\u00a0\u00bb{}\u00a0\u00bb][et_pb_heading title=\u00a0\u00bbLe courant productif\u00a0\u00bb _builder_version=\u00a0\u00bb4.24.3&Prime; _module_preset=\u00a0\u00bbc33f07d9-41e0-421a-8799-5799df695cce\u00a0\u00bb locked=\u00a0\u00bboff\u00a0\u00bb global_colors_info=\u00a0\u00bb{}\u00a0\u00bb][\/et_pb_heading][et_pb_text _builder_version=\u00a0\u00bb4.24.3&Prime; _module_preset=\u00a0\u00bb2c55a9c4-feed-423b-9edb-ae0b5b365cac\u00a0\u00bb border_radii=\u00a0\u00bbon|6px|6px|6px|6px\u00a0\u00bb locked=\u00a0\u00bboff\u00a0\u00bb global_colors_info=\u00a0\u00bb{%22gcid-36fd78a7-34bc-404d-873c-dafa34efaae5%22:%91%22icon_color%22,%22icon_color%22%93}\u00a0\u00bb body_font_size_tablet=\u00a0\u00bb15px\u00a0\u00bb body_font_size_phone=\u00a0\u00bb14px\u00a0\u00bb body_font_size_last_edited=\u00a0\u00bbon|desktop\u00a0\u00bb]<\/p>\n<p>Le premier courant, le courant productif, vous prend \u00e0 vos d\u00e9buts&#8230; votre forme initiale brute&#8230; et vous transforme en un \u00eatre humain vivifi\u00e9. Il s&rsquo;\u00e9coule dans un vortex en spirale, soit le long de votre corps, soit dans la Lib\u00e9ration ou l&rsquo;Incarnation, en activant chaque Chakra. En tant que premi\u00e8re cl\u00e9 du Royaume, il vous conduit \u00e0 votre premi\u00e8re illumination et vous apporte les richesses d&rsquo;une vie bien remplie et une compr\u00e9hension profonde de qui vous \u00eates. Seule une personne d\u00e9termin\u00e9e peut cr\u00e9er un courant productif complet et profond. Rares sont ceux qui y parviennent. Mais vous pouvez le faire.     <\/p>\n<p><strong>Le cadeau du courant productif est la productivit\u00e9 elle-m\u00eame.<\/strong>  Une \u00e9nergie abondante est produite. Elle rayonne de vous et \u00e0 travers vous. En relevant chaque d\u00e9fi et en franchissant chaque \u00e9tape du courant productif, vous gagnez en \u00e9nergie, en puissance et en clart\u00e9.<strong> Le rayonnement f\u00e9minin ou la pr\u00e9sence masculine sont produits<\/strong>. La pl\u00e9nitude est cr\u00e9\u00e9e le long de ce courant, car votre nature physique acquiert un sens et votre essence \u00e9th\u00e9r\u00e9e acquiert les exp\u00e9riences de la vie. Un courant productif plein et entier vous am\u00e8ne \u00e0 l&rsquo;illumination.    <\/p>\n<p>&nbsp;<\/p>\n<p>[\/et_pb_text][\/et_pb_column][et_pb_column type=\u00a0\u00bb1_2&Prime; _builder_version=\u00a0\u00bb4.24.3&Prime; _module_preset=\u00a0\u00bb73121f80-a3ef-4484-8763-c3f18e3c56d2&Prime; global_colors_info=\u00a0\u00bb{}\u00a0\u00bb][et_pb_image src=\u00a0\u00bbhttps:\/\/images.unsplash.com\/photo-1543039625-14cbd3802e7d?ixid=M3w1ODkyNzF8MHwxfHNlYXJjaHwxfHx2aWJyYW50JTIwbmF0dXJlJTIwbGFuZHNjYXBlfGVufDB8MHx8fDE3Mjg0NDIwNDB8MA&#038;ixlib=rb-4.0.3&#038;fm=webp&#038;fit=crop&#038;crop=entropy&#038;w=1080&#038;h=600&#038;q=20&#038;dpr=2&Prime; title_text=\u00a0\u00bb1080&#215;600&Prime; _builder_version=\u00a0\u00bb4.23.1&Prime; _module_preset=\u00a0\u00bb6ed8fd5c-62c5-4100-98c3-7b8b6d2c2ee6&Prime; global_colors_info=\u00a0\u00bb{}\u00a0\u00bb][\/et_pb_image][et_pb_text _builder_version=\u00a0\u00bb4.27.4&Prime; _module_preset=\u00a0\u00bbdefault\u00a0\u00bb global_colors_info=\u00a0\u00bb{}\u00a0\u00bb]<\/p>\n<p><strong>Lorsque ce courant est profond, plein et fort, vous ressentez un sentiment gratifiant de progr\u00e8s dans votre vie.<\/strong>  Vous vous connaissez. Cette \u00ab\u00a0illumination\u00a0\u00bb vous change. Elle approfondit et \u00e9largit votre compr\u00e9hension de votre propre existence.  <\/p>\n<p>Lorsque le courant productif remplit le r\u00e9servoir \u00e0 son extr\u00e9mit\u00e9, l&rsquo;illumination se produit, un grand d\u00e9versoir s&rsquo;ouvre et<strong> le flot de l&rsquo;illumination que vous avez acquise s&rsquo;\u00e9coule dans votre vie<\/strong>, puis dans votre rivi\u00e8re, cr\u00e9ant ainsi votre courant d&rsquo;illumination.<\/p>\n<p>&nbsp;<\/p>\n<p>[\/et_pb_text][\/et_pb_column][\/et_pb_row][et_pb_row column_structure=\u00a0\u00bb1_2,1_2&Prime; _builder_version=\u00a0\u00bb4.27.4&Prime; _module_preset=\u00a0\u00bb5138c454-be54-4233-bd3b-f8e6a8747976&Prime; border_width_all=\u00a0\u00bb3px\u00a0\u00bb border_color_all=\u00a0\u00bbgcid-bdeab0a7-e94b-425f-968a-b91dd457096d\u00a0\u00bb box_shadow_style=\u00a0\u00bbpreset2&Prime; global_colors_info=\u00a0\u00bb{%22gcid-bdeab0a7-e94b-425f-968a-b91dd457096d%22:%91%22border_color_all%22%93}\u00a0\u00bb][et_pb_column type=\u00a0\u00bb1_2&Prime; _builder_version=\u00a0\u00bb4.16&Prime; _module_preset=\u00a0\u00bb73121f80-a3ef-4484-8763-c3f18e3c56d2&Prime; global_colors_info=\u00a0\u00bb{}\u00a0\u00bb][et_pb_heading title=\u00a0\u00bbLe courant d&#039;illumination  \u00a0\u00bb _builder_version=\u00a0\u00bb4.24.3&Prime; _module_preset=\u00a0\u00bbc33f07d9-41e0-421a-8799-5799df695cce\u00a0\u00bb locked=\u00a0\u00bboff\u00a0\u00bb global_colors_info=\u00a0\u00bb{}\u00a0\u00bb][\/et_pb_heading][et_pb_text _builder_version=\u00a0\u00bb4.27.4&Prime; _module_preset=\u00a0\u00bbdefault\u00a0\u00bb global_colors_info=\u00a0\u00bb{}\u00a0\u00bb]<\/p>\n<p>Le deuxi\u00e8me courant, le courant d&rsquo;illumination, apporte au monde l&rsquo;\u00eatre humain que vous \u00eates devenu gr\u00e2ce au courant productif et \u00e0 l&rsquo;illumination que vous avez acquise lors de votre illumination. Au lieu de commencer ce courant sous une forme brute, vous commencez par un \u00ab\u00a0vous\u00a0\u00bb \u00e9clair\u00e9. <\/p>\n<p>[\/et_pb_text][et_pb_image src=\u00a0\u00bbhttps:\/\/images.unsplash.com\/photo-1603983616619-faf118d6c374?ixid=M3w1ODkyNzF8MHwxfHNlYXJjaHw0fHxtaW5kZnVsbmVzcyUyMG1lZGl0YXRpb24lMjBzZXNzaW9ufGVufDB8MHx8fDE3MjgzODAxNDZ8MA&#038;ixlib=rb-4.0.3&#038;fm=webp&#038;fit=crop&#038;crop=entropy&#038;w=1080&#038;h=600&#038;q=20&#038;dpr=2&Prime; title_text=\u00a0\u00bb1080&#215;600&Prime; _builder_version=\u00a0\u00bb4.23.1&Prime; _module_preset=\u00a0\u00bb6ed8fd5c-62c5-4100-98c3-7b8b6d2c2ee6&Prime; locked=\u00a0\u00bboff\u00a0\u00bb global_colors_info=\u00a0\u00bb{}\u00a0\u00bb][\/et_pb_image][\/et_pb_column][et_pb_column type=\u00a0\u00bb1_2&Prime; _builder_version=\u00a0\u00bb4.16&Prime; _module_preset=\u00a0\u00bb73121f80-a3ef-4484-8763-c3f18e3c56d2&Prime; global_colors_info=\u00a0\u00bb{}\u00a0\u00bb][et_pb_text _builder_version=\u00a0\u00bb4.27.4&Prime; _module_preset=\u00a0\u00bb2c55a9c4-feed-423b-9edb-ae0b5b365cac\u00a0\u00bb locked=\u00a0\u00bboff\u00a0\u00bb global_colors_info=\u00a0\u00bb{%22gcid-36fd78a7-34bc-404d-873c-dafa34efaae5%22:%91%22icon_color%22,%22icon_color%22%93}\u00a0\u00bb body_font_size_tablet=\u00a0\u00bb15px\u00a0\u00bb body_font_size_phone=\u00a0\u00bb14px\u00a0\u00bb body_font_size_last_edited=\u00a0\u00bbon|desktop\u00a0\u00bb]<\/p>\n<p>En tant que deuxi\u00e8me cl\u00e9 du Royaume, ce courant apporte au monde les dons de l&rsquo;illumination divine que vous avez acquise et les richesses de la vie pleine que vous avez atteinte. Le passage par le Courant de l&rsquo;Illumination apporte une profondeur encore plus vivifiante \u00e0 votre corps et \u00e0 votre \u00e2me, conduisant \u00e0 une seconde Illumination. <\/p>\n<p>Chaque \u00e9tape de transformation le long de ce courant encourage et renforce votre capacit\u00e9 \u00e0 vivre l&rsquo;illumination que vous avez atteinte et \u00e0 la partager avec d&rsquo;autres. C&rsquo;est son cadeau. Le Courant de l&rsquo;Illumination vous engage \u00e0 la fois \u00e0 partager, \u00e0 am\u00e9liorer et \u00e0 d\u00e9velopper votre Illumination et votre compr\u00e9hension de celle-ci. Ce faisant, vous inspirez et illuminez naturellement ceux qui vous entourent.   <\/p>\n<p>Lorsque votre courant d&rsquo;illumination s&rsquo;\u00e9tend et se d\u00e9veloppe pleinement, il remplit le deuxi\u00e8me r\u00e9servoir, apportant un souvenir profond et une illumination de qui vous \u00eates vraiment. Vous explorez cet ensemble de rivages et trouvez votre source avec le Divin.   <\/p>\n<p>Et, m\u00eame si votre courant d&rsquo;illumination coule, votre courant de production doit \u00eatre entretenu, augment\u00e9, ou votre rivi\u00e8re s&rsquo;affaiblira, perdant son flux de la source.<span class=\"Apple-converted-space\"> <\/span><\/p>\n<blockquote>\n<p><span><b><i>Dr. David dit :<\/i><\/b><\/span><i><span class=\"Apple-converted-space\">  <\/span><\/i>Lorsque l&rsquo;un des courants s&rsquo;\u00e9coule pleinement, les personnes d\u00e9clarent ressentir une alt\u00e9ration de la conscience, des sensations et des exp\u00e9riences. Leur corps peut onduler et vibrer. Le temps est modifi\u00e9. On ressent quelque chose de magique.   <\/p>\n<\/blockquote>\n<p>[\/et_pb_text][\/et_pb_column][\/et_pb_row][et_pb_row column_structure=\u00a0\u00bb1_2,1_2&Prime; _builder_version=\u00a0\u00bb4.18.0&Prime; _module_preset=\u00a0\u00bb5138c454-be54-4233-bd3b-f8e6a8747976&Prime; global_colors_info=\u00a0\u00bb{}\u00a0\u00bb][et_pb_column type=\u00a0\u00bb1_2&Prime; _builder_version=\u00a0\u00bb4.16&Prime; _module_preset=\u00a0\u00bb73121f80-a3ef-4484-8763-c3f18e3c56d2&Prime; global_colors_info=\u00a0\u00bb{}\u00a0\u00bb][et_pb_heading title=\u00a0\u00bbLe courant d&#039;unification  \u00a0\u00bb _builder_version=\u00a0\u00bb4.24.3&Prime; _module_preset=\u00a0\u00bbc33f07d9-41e0-421a-8799-5799df695cce\u00a0\u00bb locked=\u00a0\u00bboff\u00a0\u00bb global_colors_info=\u00a0\u00bb{}\u00a0\u00bb][\/et_pb_heading][et_pb_text _builder_version=\u00a0\u00bb4.27.4&Prime; _module_preset=\u00a0\u00bbdefault\u00a0\u00bb global_colors_info=\u00a0\u00bb{}\u00a0\u00bb]<\/p>\n<p>Lorsque le flux des deux premiers courants est fort et que les deux r\u00e9servoirs sont remplis, les vannes de chaque r\u00e9servoir s&rsquo;ouvrent, cr\u00e9ant un flux puissant qui part directement de votre c\u0153ur, puis le long de votre rivi\u00e8re jusqu&rsquo;aux chakras de la couronne et de la racine. C&rsquo;est votre courant d&rsquo;unification. Il apporte l&rsquo;\u00e9nergie de l&rsquo;Unit\u00e9 \u00e9veill\u00e9e. Il est la source de l&rsquo;exp\u00e9rience de l&rsquo;Union. Il s&rsquo;agit d&rsquo;une extase intemporelle et d&rsquo;une puissance d&rsquo;\u00eatre concentr\u00e9e.    <\/p>\n<p>Le Courant d&rsquo;Unification est la troisi\u00e8me cl\u00e9 du Royaume, il offre un troisi\u00e8me Don \u00e0 ce monde. Il s&rsquo;agit de l&rsquo;unification pure et compl\u00e8te du Divin \u00e9th\u00e9r\u00e9 et du Divin physique ici sur Terre. La r\u00e9sonance cr\u00e9\u00e9e change la r\u00e9alit\u00e9, l&rsquo;organisant en une nouvelle structure dynamique, tout comme le magn\u00e9tisme organise la limaille de fer. L&rsquo;objectif de cette radiance est de r\u00e9aligner votre vie sur le Divin dans ses formes \u00e9th\u00e9r\u00e9es et physiques.   <\/p>\n<p>Ce troisi\u00e8me courant est un courant d&rsquo;\u00e9veil et de transformation. Au m\u00eame moment, vous vivez pleinement dans les profondeurs envelopp\u00e9es de votre corps physique et vous vivez pleinement dans votre unit\u00e9 \u00e9largie avec le Divin. Vous connaissez, exp\u00e9rimentez et rayonnez profond\u00e9ment \u00e0 la fois votre humanit\u00e9 divine et votre nature \u00e9th\u00e9r\u00e9e divine. Et vous pouvez observer ce que vous vivez en pleine relation avec ce qui est vraiment.   <\/p>\n<blockquote>\n<p><b><i>Dr. David dit :<\/i><\/b><span><i>  <\/i><i><\/i><\/span>Les personnes qui ont fait l&rsquo;exp\u00e9rience d&rsquo;un courant d&rsquo;unification complet ont rapport\u00e9 qu&rsquo;elles se sentaient comme les \u00e9toiles qui s&rsquo;\u00e9coulent dans les bras en spirale de la galaxie, p\u00e9n\u00e9trant et balayant les cieux. Elles se sont senties ancr\u00e9es et profond\u00e9ment physiques, avec des dimensions int\u00e9rieures abondantes et infinies. <\/p>\n<\/blockquote>\n<p>[\/et_pb_text][et_pb_text _builder_version=\u00a0\u00bb4.27.4&Prime; _module_preset=\u00a0\u00bbdefault\u00a0\u00bb global_colors_info=\u00a0\u00bb{}\u00a0\u00bb][\/et_pb_text][\/et_pb_column][et_pb_column type=\u00a0\u00bb1_2&Prime; _builder_version=\u00a0\u00bb4.16&Prime; _module_preset=\u00a0\u00bb73121f80-a3ef-4484-8763-c3f18e3c56d2&Prime; global_colors_info=\u00a0\u00bb{}\u00a0\u00bb][et_pb_text _builder_version=\u00a0\u00bb4.24.3&Prime; _module_preset=\u00a0\u00bb2c55a9c4-feed-423b-9edb-ae0b5b365cac\u00a0\u00bb locked=\u00a0\u00bboff\u00a0\u00bb global_colors_info=\u00a0\u00bb{%22gcid-36fd78a7-34bc-404d-873c-dafa34efaae5%22:%91%22icon_color%22,%22icon_color%22%93}\u00a0\u00bb body_font_size_tablet=\u00a0\u00bb15px\u00a0\u00bb body_font_size_phone=\u00a0\u00bb14px\u00a0\u00bb body_font_size_last_edited=\u00a0\u00bbon|desktop\u00a0\u00bb]<\/p>\n<p>La premi\u00e8re exp\u00e9rience du courant d&rsquo;unification peut \u00eatre concentr\u00e9e \u00e0 l&rsquo;int\u00e9rieur et entre certaines sources d&rsquo;amour. Les exp\u00e9riences suivantes peuvent en \u00e9tendre la port\u00e9e jusqu&rsquo;\u00e0 ce que le canal et le courant d&rsquo;unification soient pleinement d\u00e9velopp\u00e9s. <\/p>\n<p>Un courant d&rsquo;unification dynamique et vivant relie les deux r\u00e9servoirs dans un ravissement expansif. La lumi\u00e8re du ciel et le chant de la terre s&rsquo;unifient. Le Divin fait l&rsquo;amour au Divin.  <\/p>\n<blockquote>\n<p><span><b><i>Dr. David dit :<\/i><\/b><\/span><i><span class=\"Apple-converted-space\">  <\/span><\/i>Ici sont rapport\u00e9s l&rsquo;extase et le ravissement d&rsquo;un c\u0153ur infini, d&rsquo;un amour infini. L&rsquo;admiration et le ravissement sont ressentis lorsque le corps et l&rsquo;\u00e2me s&rsquo;animent compl\u00e8tement ensemble, vibrant et rayonnant, chantant et brillant, entier et complet. <\/p>\n<\/blockquote>\n<p>[\/et_pb_text][et_pb_image src=\u00a0\u00bbhttps:\/\/createaliveness.com\/wp-content\/uploads\/2025\/09\/AdobeStock_413683982.webp\u00a0\u00bb title_text=\u00a0\u00bbAdobeStock_413683982&Prime; _builder_version=\u00a0\u00bb4.27.4&Prime; _module_preset=\u00a0\u00bb6ed8fd5c-62c5-4100-98c3-7b8b6d2c2ee6&Prime; locked=\u00a0\u00bboff\u00a0\u00bb global_colors_info=\u00a0\u00bb{}\u00a0\u00bb][\/et_pb_image][\/et_pb_column][\/et_pb_row][et_pb_row _builder_version=\u00a0\u00bb4.24.3&Prime; _module_preset=\u00a0\u00bb5138c454-be54-4233-bd3b-f8e6a8747976&Prime; global_colors_info=\u00a0\u00bb{}\u00a0\u00bb][et_pb_column type=\u00a0\u00bb4_4&Prime; _builder_version=\u00a0\u00bb4.18.0&Prime; _module_preset=\u00a0\u00bb73121f80-a3ef-4484-8763-c3f18e3c56d2&Prime; global_colors_info=\u00a0\u00bb{}\u00a0\u00bb][et_pb_cta title=\u00a0\u00bbRetraite de 5 jours \u00e0 Gran Canaria\u00a0\u00bb button_url=\u00a0\u00bb#\u00a0\u00bb button_text=\u00a0\u00bbA propos de la retraite. Liens d&#039;inscription. \u00a0\u00bb _builder_version=\u00a0\u00bb4.27.4&Prime; _module_preset=\u00a0\u00bb4c2ad5d0-871e-414e-a4be-aa9134d4ae8e\u00a0\u00bb header_text_color=\u00a0\u00bb#FFFFFF\u00a0\u00bb body_text_color=\u00a0\u00bb#FFFFFF\u00a0\u00bb background_color=\u00a0\u00bbgcid-bdeab0a7-e94b-425f-968a-b91dd457096d\u00a0\u00bb use_background_color_gradient=\u00a0\u00bbon\u00a0\u00bb background_color_gradient_direction=\u00a0\u00bb65deg\u00a0\u00bb background_color_gradient_stops=\u00a0\u00bb#000000 0%|rgba(255,255,255,0) 100%\u00a0\u00bb background_color_gradient_overlays_image=\u00a0\u00bbon\u00a0\u00bb background_enable_image=\u00a0\u00bboff\u00a0\u00bb button_text_color=\u00a0\u00bbgcid-c8c4698f-2c8f-4803-ad40-6f6448af7cd9&Prime; button_bg_color=\u00a0\u00bb#FFFFFF\u00a0\u00bb custom_padding=\u00a0\u00bb60px|60px|60px|60px|true|true\u00a0\u00bb custom_padding_tablet=\u00a0\u00bb30px|30px|30px|30px|true|true\u00a0\u00bb custom_padding_phone=\u00a0\u00bb20px|20px|20px|20px|true|true\u00a0\u00bb custom_padding_last_edited=\u00a0\u00bbon|desktop\u00a0\u00bb hover_enabled=\u00a0\u00bb0&Prime; locked=\u00a0\u00bboff\u00a0\u00bb global_colors_info=\u00a0\u00bb{%22gcid-primary-color%22:%91%22button_bg_color%22,%22button_bg_color%22,%22button_bg_color%22,%22button_bg_color%22%93,%22gcid-body-color%22:%91%22body_text_color%22,%22body_text_color%22,%22body_text_color%22,%22body_text_color%22%93,%22gcid-heading-color%22:%91%22header_text_color%22,%22header_text_color%22,%22header_text_color%22,%22header_text_color%22%93,%22gcid-36fd78a7-34bc-404d-873c-dafa34efaae5%22:%91%22color%22%93,%22gcid-7cadd8b3-5228-48e4-90c4-212d09232f7b%22:%91%22header_text_color%22,%22header_text_color%22,%22color%22,%22color%22,%22color%22,%22color%22%93,%22gcid-f113ad93-2527-46d7-862b-fc71181c6b5e%22:%91%22border_color_all%22,%22border_color_all%22%93,%22gcid-bdeab0a7-e94b-425f-968a-b91dd457096d%22:%91%22background_color%22%93,%22gcid-c8c4698f-2c8f-4803-ad40-6f6448af7cd9%22:%91%22button_text_color%22%93}\u00a0\u00bb text_font_size_tablet=\u00a0\u00bb16px\u00a0\u00bb text_font_size_phone=\u00a0\u00bb14px\u00a0\u00bb text_font_size_last_edited=\u00a0\u00bbon|phone\u00a0\u00bb sticky_enabled=\u00a0\u00bb0&Prime;]<\/p>\n<p>\u00cates-vous pr\u00eat \u00e0 transformer votre vie et vos relations ? D\u00e9couvrez le pouvoir de l&rsquo;altivit\u00e9 gr\u00e2ce aux conseils experts du Dr David Breitbach et de Lila Holdal. Que vous soyez \u00e0 la recherche d&rsquo;une croissance personnelle ou de liens plus profonds avec les autres, nos programmes vous offrent les outils et le soutien dont vous avez besoin pour vous \u00e9panouir. \u00c9liminez les obstacles \u00e0 votre \u00e9panouissement et faites l&rsquo;exp\u00e9rience des trois courants de transformation. Rejoignez-nous !    <\/p>\n<p>[\/et_pb_cta][\/et_pb_column][\/et_pb_row][\/et_pb_section]<\/p>\n","protected":false},"excerpt":{"rendered":"<p>avec le Dr. David Breitbach&amp; Lila HoldalVos sources d&rsquo;amour (chakras), lorsqu&rsquo;elles sont vivantes et fluides, cr\u00e9ent une rivi\u00e8re qui vous traverse. Cette rivi\u00e8re d&rsquo;Ahz coule de votre racine \u00e0 votre couronne le long de son canal de lib\u00e9ration et de votre couronne \u00e0 votre racine le long de son canal d&rsquo;incarnation. Le canal d&rsquo;unification s&rsquo;ouvre [&hellip;]<\/p>\n","protected":false},"author":1,"featured_media":0,"parent":0,"menu_order":0,"comment_status":"closed","ping_status":"closed","template":"","meta":{"_et_pb_use_builder":"on","_et_pb_old_content":"","_et_gb_content_width":"","om_disable_all_campaigns":false,"_uf_show_specific_survey":0,"_uf_disable_surveys":false,"footnotes":""},"class_list":["post-2913","page","type-page","status-publish","hentry"],"aioseo_notices":[],"jetpack_sharing_enabled":true,"_links":{"self":[{"href":"https:\/\/createaliveness.com\/fr\/wp-json\/wp\/v2\/pages\/2913","targetHints":{"allow":["GET"]}}],"collection":[{"href":"https:\/\/createaliveness.com\/fr\/wp-json\/wp\/v2\/pages"}],"about":[{"href":"https:\/\/createaliveness.com\/fr\/wp-json\/wp\/v2\/types\/page"}],"author":[{"embeddable":true,"href":"https:\/\/createaliveness.com\/fr\/wp-json\/wp\/v2\/users\/1"}],"replies":[{"embeddable":true,"href":"https:\/\/createaliveness.com\/fr\/wp-json\/wp\/v2\/comments?post=2913"}],"version-history":[{"count":6,"href":"https:\/\/createaliveness.com\/fr\/wp-json\/wp\/v2\/pages\/2913\/revisions"}],"predecessor-version":[{"id":2926,"href":"https:\/\/createaliveness.com\/fr\/wp-json\/wp\/v2\/pages\/2913\/revisions\/2926"}],"wp:attachment":[{"href":"https:\/\/createaliveness.com\/fr\/wp-json\/wp\/v2\/media?parent=2913"}],"curies":[{"name":"wp","href":"https:\/\/api.w.org\/{rel}","templated":true}]}}