{"id":2575,"date":"2025-09-04T12:30:16","date_gmt":"2025-09-04T12:30:16","guid":{"rendered":"https:\/\/createaliveness.com\/product\/aprende-a-la-manera-del-dr-david-gran-canaria-habitacion-compartida\/"},"modified":"2025-10-17T20:52:41","modified_gmt":"2025-10-17T20:52:41","slug":"aprende-a-la-manera-del-dr-david-gran-canaria-habitacion-compartida","status":"publish","type":"product","link":"https:\/\/createaliveness.com\/es\/producto\/aprende-a-la-manera-del-dr-david-gran-canaria-habitacion-compartida\/","title":{"rendered":"Habitaci\u00f3n Compartida ~ Aprende a la Manera del Dr. David ~ Gran Canaria"},"content":{"rendered":"<h2 style=\"text-align: left;\">\ud83d\udcc5 <strong>27-30 de noviembre de 2025<\/strong><\/h2>\n<h3 style=\"text-align: left;\">\ud83d\udccdEl<strong> Masai Mara Resort en Gran Canaria<\/strong>, una isla de las Islas Canarias, Espa\u00f1a.<strong><br \/>\n<\/strong><\/h3>\n<h3 style=\"text-align: left;\"><strong>\ud83c\udf52 Precio especial para los primeros inscritos ~ disponible hasta el 15 de octubre.<\/strong><\/h3>\n<p>&nbsp;<\/p>\n<h3><strong>El Dr. David Breitbach<\/strong> comparte sus secretos, m\u00e9todos y conocimientos.<\/h3>\n<p><strong>Este retiro est\u00e1 dise\u00f1ado para ayudarte a ayudar a la gente (y a ti mismo) a experimentar una profunda vitalidad.<\/strong><\/p>\n<p class=\"\">Cada persona tiene el potencial para que un r\u00edo de vida fluyente, ext\u00e1tico y vivo corra a trav\u00e9s de ella, potenci\u00e1ndola a ella y a sus relaciones. Sin embargo, la mayor\u00eda de la gente rara vez lo experimenta. Las rocas y los diques bloquean el flujo. Los drenajes de energ\u00eda arrastran lentamente tu fuerza vital. \u00bfTe suena familiar?<\/p>\n<p class=\"\"><strong>En este retiro de aprendizaje,<\/strong> aprender\u00e1s a ayudar a los dem\u00e1s (y a ti mismo) a eliminar estos bloqueos y a crear un r\u00edo de vida vivo y fluido en tu interior. Aprende a ayudar a los dem\u00e1s (y a ti mismo) a tener relaciones vivas y din\u00e1micas.<\/p>\n<p>El Dr. David te ense\u00f1ar\u00e1 las <strong>cualidades de cada chakra<\/strong> y c\u00f3mo despertarlos. Aprender\u00e1s a crear corrientes y ondas transformadoras, tanto para hombres como para mujeres. Te explicar\u00e1 las nueve maneras en que se ocultan las <strong>historias internas<\/strong> (creencias limitantes) y c\u00f3mo revelarlas e integrarlas con sabidur\u00eda, empat\u00eda y fluidez. <strong>Practicar\u00e1s el tacto, que crea una profunda vitalidad.<\/strong> Aprender\u00e1s a ayudar a otros a transformar su postura y perspectiva mediante el movimiento y la postura corporal.<\/p>\n<p><strong>Experimentar\u00e1s el trabajo del Dr. David y aprender\u00e1s a hacer su trabajo.<\/strong> Habr\u00e1 sesiones pr\u00e1cticas y sesiones de aprendizaje. Aprender\u00e1s a aplicar lo que hace el Dr. David a tu propio trabajo y a tu propia vida.<\/p>\n<p><strong>El precio incluye<\/strong> tu <strong>alojamiento<\/strong> en una habitaci\u00f3n compartida en un apartamento de varias habitaciones. Las sesiones comienzan el jueves por la tarde, luego todo el viernes, todo el s\u00e1bado y una sesi\u00f3n de desayuno el domingo. Coordinaremos el horario con los vuelos de llegada y salida. <strong>El precio no incluye comidas ni traslados al aeropuerto.<\/strong><\/p>\n<p><em><span style=\"color: #0000ff;\"><a style=\"color: #0000ff;\" title=\"Aprende el Camino del Dr. David ~ Gran Canaria ~ Habitaci\u00f3n individual\" href=\"https:\/\/createaliveness.com\/es\/?post_type=product&amp;p=2577\">Para una habitaci\u00f3n individual Haz clic aqu\u00ed<\/a><\/span><\/em><\/p>\n<h4><strong>\u00a1Oferta especial!<\/strong><\/h4>\n<p style=\"padding-left: 40px;\">Puedes elegir asistir tanto a este retiro con el Dr. David como al <em><span style=\"color: #0000ff;\"><a style=\"color: #0000ff;\" title=\"Plenamente vivo en 2025 ~ Retiro de cinco d\u00edas\" href=\"https:\/\/createaliveness.com\/es\/?page_id=2565\" target=\"_blank\" rel=\"noopener\"><span style=\"color: #0000ff;\">Retiro \u00abPlenamente vivos\u00bb (22-26 de noviembre<\/span>)<\/a><\/span><\/em> con Lila Holdal y el Dr. David. \u00a1Menuda semana! \u00a1Ambos son en el Masai Mara Resort! Si asistes a ambos, tu habitaci\u00f3n para la noche del mi\u00e9rcoles entre los retiros ser\u00e1 mi regalo.<\/p>\n<p style=\"text-align: left; padding-left: 40px;\">\u00abEl Retiro <em><span style=\"color: #0000ff;\"><a style=\"color: #0000ff;\" title=\"Plenamente vivo en 2025 ~ Retiro de cinco d\u00edas\" href=\"https:\/\/createaliveness.com\/es\/?page_id=2565\" target=\"_blank\" rel=\"noopener\">Retiro Plenamente Vivo<\/a><\/span><\/em> es un portal hacia la plenitud, un viaje en el que los bloqueos se disuelven, la energ\u00eda fluye libremente y la vida se abre a la vitalidad, la intimidad y la alegr\u00eda\u00bb. &#8211; LILA y el Dr. DAVID<\/p>\n<p style=\"padding-left: 80px;\"><a href='#' class='small-button smallblue' target=\"_blank\"><strong>Retiro Plenamente Vivo<\/strong><\/a><\/p>\n<p>&nbsp;<\/p>\n<h4>Experiencias con el Dr. David de un retiro de dos d\u00edas en junio de 2025:<\/h4>\n<blockquote>\n<p class=\"\">\u00abEl trabajo del Dr. David ha transformado mi vida. Tras s\u00f3lo un retiro de dos d\u00edas, y ahora 2 semanas despu\u00e9s, sigo sinti\u00e9ndome cada vez m\u00e1s empoderada, viva y profundamente conectada conmigo misma y con mis seres queridos.\u00bb<\/p>\n<\/blockquote>\n<blockquote>\n<p class=\"\">\u00abLa energ\u00eda se mueve a trav\u00e9s de m\u00ed de un modo que no sent\u00eda desde hace a\u00f1os. Hay m\u00e1s suavidad, fluidez y alegr\u00eda; incluso me encuentro bailando de nuevo\u00bb.<\/p>\n<\/blockquote>\n<blockquote>\n<p class=\"\">\u00abLlegu\u00e9 bloqueada en las relaciones y la sexualidad. Ambas cosas han cambiado. Ahora me siento libre, confiada y sexualmente viva\u00bb.<\/p>\n<\/blockquote>\n<blockquote>\n<p class=\"\">\u00abLa vitalidad aparece en todas partes: en el trabajo, con los clientes, con la familia. Me r\u00edo m\u00e1s, creo m\u00e1s y me siento m\u00e1s sincera y conectada\u00bb.<\/p>\n<\/blockquote>\n<blockquote>\n<p class=\"\">\u00abNo ten\u00eda expectativas, s\u00f3lo curiosidad. Lo que recib\u00ed fue una vida profunda que volv\u00eda a avanzar, con vitalidad y autenticidad.\u00bb<\/p>\n<\/blockquote>\n","protected":false},"excerpt":{"rendered":"<p><strong>Retiro con el Dr. David ~ Habitaci\u00f3n Compartida<\/strong><\/p>\n<p><strong>\ud83c\udf52 \u00a1Alojamiento compartido incluido!<\/strong><\/p>\n","protected":false},"featured_media":2448,"template":"","meta":{"_et_pb_use_builder":"on","_et_pb_old_content":"<h2 style=\"text-align: left;\">\ud83d\udcc5 <strong>27-30 de noviembre de 2025<\/strong><\/h2>\r\n<h3 style=\"text-align: left;\">\ud83d\udccdEl<strong> Masai Mara Resort en Gran Canaria<\/strong>, una isla de las Islas Canarias, Espa\u00f1a.<strong>\r\n<\/strong><\/h3>\r\n<h3 style=\"text-align: left;\"><strong>\ud83c\udf52 Precio especial para los primeros inscritos ~ disponible hasta el 15 de octubre.<\/strong><\/h3>\r\n&nbsp;\r\n<h3><strong>El Dr. David Breitbach<\/strong> comparte sus secretos, m\u00e9todos y conocimientos.<\/h3>\r\n<strong>Este retiro est\u00e1 dise\u00f1ado para ayudarte a ayudar a la gente (y a ti mismo) a experimentar una profunda vitalidad.<\/strong>\r\n<p class=\"\">Cada persona tiene el potencial para que un r\u00edo de vida fluyente, ext\u00e1tico y vivo corra a trav\u00e9s de ella, potenci\u00e1ndola a ella y a sus relaciones. Sin embargo, la mayor\u00eda de la gente rara vez lo experimenta. Las rocas y los diques bloquean el flujo. Los drenajes de energ\u00eda arrastran lentamente tu fuerza vital. \u00bfTe suena familiar?<\/p>\r\n<p class=\"\"><strong>En este retiro de aprendizaje,<\/strong> aprender\u00e1s a ayudar a los dem\u00e1s (y a ti mismo) a eliminar estos bloqueos y a crear un r\u00edo de vida vivo y fluido en tu interior. Aprende a ayudar a los dem\u00e1s (y a ti mismo) a tener relaciones vivas y din\u00e1micas.<\/p>\r\nEl Dr. David te ense\u00f1ar\u00e1 las <strong>cualidades de cada chakra<\/strong> y c\u00f3mo despertarlos. Aprender\u00e1s a crear corrientes y ondas transformadoras, tanto para hombres como para mujeres. Te explicar\u00e1 las nueve maneras en que se ocultan las <strong>historias internas<\/strong> (creencias limitantes) y c\u00f3mo revelarlas e integrarlas con sabidur\u00eda, empat\u00eda y fluidez. <strong>Practicar\u00e1s el tacto, que crea una profunda vitalidad.<\/strong> Aprender\u00e1s a ayudar a otros a transformar su postura y perspectiva mediante el movimiento y la postura corporal.\r\n\r\n<strong>Experimentar\u00e1s el trabajo del Dr. David y aprender\u00e1s a hacer su trabajo.<\/strong> Habr\u00e1 sesiones pr\u00e1cticas y sesiones de aprendizaje. Aprender\u00e1s a aplicar lo que hace el Dr. David a tu propio trabajo y a tu propia vida.\r\n\r\n<strong>El precio incluye<\/strong> tu <strong>alojamiento<\/strong> en una habitaci\u00f3n compartida en un apartamento de varias habitaciones. Las sesiones comienzan el jueves por la tarde, luego todo el viernes, todo el s\u00e1bado y una sesi\u00f3n de desayuno el domingo. Coordinaremos el horario con los vuelos de llegada y salida. <strong>El precio no incluye comidas ni traslados al aeropuerto.<\/strong>\r\n\r\n<em><span style=\"color: #0000ff;\"><a style=\"color: #0000ff;\" title=\"Aprende el Camino del Dr. David ~ Gran Canaria ~ Habitaci\u00f3n individual\" href=\"https:\/\/createaliveness.com\/es\/?post_type=product&amp;p=2577\">Para una habitaci\u00f3n individual Haz clic aqu\u00ed<\/a><\/span><\/em>\r\n<h4><strong>\u00a1Oferta especial!<\/strong><\/h4>\r\n<p style=\"padding-left: 40px;\">Puedes elegir asistir tanto a este retiro con el Dr. David como al <em><span style=\"color: #0000ff;\"><a style=\"color: #0000ff;\" title=\"Plenamente vivo en 2025 ~ Retiro de cinco d\u00edas\" href=\"https:\/\/createaliveness.com\/es\/?page_id=2565\" target=\"_blank\" rel=\"noopener\"><span style=\"color: #0000ff;\">Retiro \"Plenamente vivos\" (22-26 de noviembre<\/span>)<\/a><\/span><\/em> con Lila Holdal y el Dr. David. \u00a1Menuda semana! \u00a1Ambos son en el Masai Mara Resort! Si asistes a ambos, tu habitaci\u00f3n para la noche del mi\u00e9rcoles entre los retiros ser\u00e1 mi regalo.<\/p>\r\n<p style=\"text-align: left; padding-left: 40px;\">\"El Retiro <em><span style=\"color: #0000ff;\"><a style=\"color: #0000ff;\" title=\"Plenamente vivo en 2025 ~ Retiro de cinco d\u00edas\" href=\"https:\/\/createaliveness.com\/es\/?page_id=2565\" target=\"_blank\" rel=\"noopener\">Retiro Plenamente Vivo<\/a><\/span><\/em> es un portal hacia la plenitud, un viaje en el que los bloqueos se disuelven, la energ\u00eda fluye libremente y la vida se abre a la vitalidad, la intimidad y la alegr\u00eda\". - LILA y el Dr. DAVID<\/p>\r\n<p style=\"padding-left: 80px;\">[button link=\"<a href=\"https:\/\/createaliveness.com\/es\/plenamente-vivo-en-2025-retiro-de-cinco-dias\/\">https:\/\/createaliveness.com\/fully-alive-in-2025-five-day-retreat\/<\/a>\" newwindow=\"yes\"] <strong>Retiro Plenamente Vivo<\/strong>[\/button]<\/p>\r\n&nbsp;\r\n<h4>Experiencias con el Dr. David de un retiro de dos d\u00edas en junio de 2025:<\/h4>\r\n<blockquote>\r\n<p class=\"\">\"El trabajo del Dr. David ha transformado mi vida. Tras s\u00f3lo un retiro de dos d\u00edas, y ahora 2 semanas despu\u00e9s, sigo sinti\u00e9ndome cada vez m\u00e1s empoderada, viva y profundamente conectada conmigo misma y con mis seres queridos.\"<\/p>\r\n<\/blockquote>\r\n<blockquote>\r\n<p class=\"\">\"La energ\u00eda se mueve a trav\u00e9s de m\u00ed de un modo que no sent\u00eda desde hace a\u00f1os. Hay m\u00e1s suavidad, fluidez y alegr\u00eda; incluso me encuentro bailando de nuevo\".<\/p>\r\n<\/blockquote>\r\n<blockquote>\r\n<p class=\"\">\"Llegu\u00e9 bloqueada en las relaciones y la sexualidad. Ambas cosas han cambiado. Ahora me siento libre, confiada y sexualmente viva\".<\/p>\r\n<\/blockquote>\r\n<blockquote>\r\n<p class=\"\">\"La vitalidad aparece en todas partes: en el trabajo, con los clientes, con la familia. Me r\u00edo m\u00e1s, creo m\u00e1s y me siento m\u00e1s sincera y conectada\".<\/p>\r\n<\/blockquote>\r\n<blockquote>\r\n<p class=\"\">\"No ten\u00eda expectativas, s\u00f3lo curiosidad. Lo que recib\u00ed fue una vida profunda que volv\u00eda a avanzar, con vitalidad y autenticidad.\"<\/p>\r\n<\/blockquote>","_et_gb_content_width":"","om_disable_all_campaigns":false,"_uf_show_specific_survey":0,"_uf_disable_surveys":false},"product_brand":[],"product_cat":[78],"product_tag":[],"class_list":{"0":"post-2575","1":"product","2":"type-product","3":"status-publish","4":"has-post-thumbnail","6":"product_cat-all-retreats-es","8":"first","9":"outofstock","10":"virtual","11":"purchasable","12":"product-type-simple"},"aioseo_notices":[],"jetpack_sharing_enabled":true,"_links":{"self":[{"href":"https:\/\/createaliveness.com\/es\/wp-json\/wp\/v2\/product\/2575","targetHints":{"allow":["GET"]}}],"collection":[{"href":"https:\/\/createaliveness.com\/es\/wp-json\/wp\/v2\/product"}],"about":[{"href":"https:\/\/createaliveness.com\/es\/wp-json\/wp\/v2\/types\/product"}],"wp:featuredmedia":[{"embeddable":true,"href":"https:\/\/createaliveness.com\/es\/wp-json\/wp\/v2\/media\/2448"}],"wp:attachment":[{"href":"https:\/\/createaliveness.com\/es\/wp-json\/wp\/v2\/media?parent=2575"}],"wp:term":[{"taxonomy":"product_brand","embeddable":true,"href":"https:\/\/createaliveness.com\/es\/wp-json\/wp\/v2\/product_brand?post=2575"},{"taxonomy":"product_cat","embeddable":true,"href":"https:\/\/createaliveness.com\/es\/wp-json\/wp\/v2\/product_cat?post=2575"},{"taxonomy":"product_tag","embeddable":true,"href":"https:\/\/createaliveness.com\/es\/wp-json\/wp\/v2\/product_tag?post=2575"}],"curies":[{"name":"wp","href":"https:\/\/api.w.org\/{rel}","templated":true}]}}