{"id":2917,"date":"2024-10-09T19:11:32","date_gmt":"2024-10-09T19:11:32","guid":{"rendered":"https:\/\/createaliveness.com\/tres-corrientes\/"},"modified":"2025-10-09T16:11:26","modified_gmt":"2025-10-09T16:11:26","slug":"tres-corrientes","status":"publish","type":"page","link":"https:\/\/createaliveness.com\/es\/tres-corrientes\/","title":{"rendered":"Tres corrientes"},"content":{"rendered":"<p>[et_pb_section fb_built=\u00bb1&#8243; admin_label=\u00bbHero\u00bb _builder_version=\u00bb4.23.1&#8243; _module_preset=\u00bbdefault\u00bb custom_padding=\u00bb||||false|false\u00bb locked=\u00bboff\u00bb collapsed=\u00bbon\u00bb global_colors_info=\u00bb{}\u00bb][et_pb_row column_structure=\u00bb1_2,1_2&#8243; _builder_version=\u00bb4.27.4&#8243; _module_preset=\u00bb5138c454-be54-4233-bd3b-f8e6a8747976&#8243; hover_enabled=\u00bb0&#8243; locked=\u00bboff\u00bb global_colors_info=\u00bb{}\u00bb sticky_enabled=\u00bb0&#8243;][et_pb_column type=\u00bb1_2&#8243; _builder_version=\u00bb4.27.4&#8243; _module_preset=\u00bb73121f80-a3ef-4484-8763-c3f18e3c56d2&#8243; custom_padding=\u00bb20px||||false|false\u00bb custom_padding_tablet=\u00bb0px||||false|false\u00bb custom_padding_phone=\u00bb0px||||false|false\u00bb custom_padding_last_edited=\u00bbon|desktop\u00bb hover_enabled=\u00bb0&#8243; global_colors_info=\u00bb{}\u00bb sticky_enabled=\u00bb0&#8243;][et_pb_heading title=\u00bbDesarrolla las Tres Corrientes Internas\u00bb _builder_version=\u00bb4.27.4&#8243; _module_preset=\u00bbc33f07d9-41e0-421a-8799-5799df695cce\u00bb title_text_align=\u00bbcenter\u00bb hover_enabled=\u00bb0&#8243; locked=\u00bboff\u00bb global_colors_info=\u00bb{}\u00bb custom_margin=\u00bb||4px||false|false\u00bb sticky_enabled=\u00bb0&#8243;][\/et_pb_heading][et_pb_text _builder_version=\u00bb4.27.4&#8243; _module_preset=\u00bb2c55a9c4-feed-423b-9edb-ae0b5b365cac\u00bb header_text_align=\u00bbcenter\u00bb text_orientation=\u00bbcenter\u00bb hover_enabled=\u00bb0&#8243; locked=\u00bboff\u00bb global_colors_info=\u00bb{}\u00bb sticky_enabled=\u00bb0&#8243; header_4_font_size=\u00bb19px\u00bb]<\/p>\n<h4><b>con el Dr. David Breitbach<br \/> y Lila Holdal<\/b><\/h4>\n<p>[\/et_pb_text][et_pb_text _builder_version=\u00bb4.27.4&#8243; _module_preset=\u00bb2c55a9c4-feed-423b-9edb-ae0b5b365cac\u00bb locked=\u00bboff\u00bb global_colors_info=\u00bb{}\u00bb]<\/p>\n<p><strong>Tus Manantiales del Amor (Chakras), cuando est\u00e1n vivos y fluyen, crean un R\u00edo que corre a trav\u00e9s de ti.<\/strong>  Este R\u00edo de Ahz fluye de tu Ra\u00edz a tu Corona por su Canal de Liberaci\u00f3n y de tu Corona a tu Ra\u00edz por su Canal de Encarnaci\u00f3n. El Canal de Unificaci\u00f3n se abre completamente cuando hay suficiente flujo en los dos primeros Canales. <\/p>\n<p>En cada uno de estos Canales existe un peque\u00f1o flujo constante mientras vivas. Este peque\u00f1o flujo te mantiene vivo.   <strong>Sin embargo, no basta con crear y apoyar la actividad transformadora necesaria para una vida profundamente viva y excepcionalmente abundante.<\/strong>  Los bloqueos a tu vitalidad permanecer\u00e1n en su sitio. No obtendr\u00e1s la energ\u00eda, la vivificaci\u00f3n y el empoderamiento posibles&#8230; sin un flujo verdaderamente profundo a trav\u00e9s de tus Canales. <\/p>\n<p>Afortunadamente, <strong>puedes generar Corrientes efusivas en estos Canales para energizar, aumentar y priorizar el flujo a trav\u00e9s de tu R\u00edo.<\/strong> Desarrolla estas Corrientes y crear\u00e1s el amplio flujo esencial para la transformaci\u00f3n y la iluminaci\u00f3n.<\/p>\n<p><strong>\u00a1No te preocupes! En nuestros retiros de 5 d\u00edas te guiaremos y te ayudaremos a crear los pasos necesarios para que fluyan tus Corrientes. <\/strong>  Una Relaci\u00f3n Viva con el Ahora ser\u00e1 vivificante y deliciosa en s\u00ed misma. El segundo paso ser\u00e1 desarrollar la vitalidad en tus Manantiales de Amor, eliminando los bloqueos a su poderoso estado natural. A continuaci\u00f3n, te ayudaremos a dar los pasos necesarios para iniciar un flujo maravilloso en cada una de las Corrientes de tu R\u00edo<i>.<\/i> Esto aporta una profunda vitalidad en tu interior y en tus relaciones con los dem\u00e1s. \u00a1Convi\u00e9rtelo en tu superpoder! \u00a1\u00danete a nosotros!    <\/p>\n<p>[\/et_pb_text][\/et_pb_column][et_pb_column type=\u00bb1_2&#8243; _builder_version=\u00bb4.23.1&#8243; _module_preset=\u00bb73121f80-a3ef-4484-8763-c3f18e3c56d2&#8243; global_colors_info=\u00bb{}\u00bb][et_pb_image src=\u00bbhttps:\/\/images.unsplash.com\/photo-1701351066455-1c931e0d0ed9?ixid=M3w1ODkyNzF8MHwxfHNlYXJjaHwyfHx2aWJyYW50JTIwbmF0dXJlJTIwbGFuZHNjYXBlfGVufDB8Mnx8fDE3Mjg1MDA4OTh8MA&#038;ixlib=rb-4.0.3&#038;fm=webp&#038;fit=crop&#038;crop=entropy&#038;w=800&#038;h=800&#038;q=20&#038;dpr=2&#8243; title_text=\u00bb800&#215;800&#8243; _builder_version=\u00bb4.25.2&#8243; _module_preset=\u00bb1cc6152f-565c-4c4d-b0c9-cf8c9576c341&#8243; custom_margin=\u00bb|-10vw|||false|false\u00bb custom_margin_tablet=\u00bb|0vw|||false|false\u00bb custom_margin_phone=\u00bb|0vw|||false|false\u00bb custom_margin_last_edited=\u00bbon|tablet\u00bb box_shadow_style=\u00bbpreset4&#8243; box_shadow_horizontal=\u00bb0px\u00bb box_shadow_vertical=\u00bb24px\u00bb box_shadow_blur=\u00bb72px\u00bb box_shadow_spread=\u00bb-12px\u00bb locked=\u00bboff\u00bb global_colors_info=\u00bb{}\u00bb][\/et_pb_image][et_pb_button button_url=\u00bb@ET-DC@eyJkeW5hbWljIjp0cnVlLCJjb250ZW50IjoicG9zdF9saW5rX3VybF9wYWdlIiwic2V0dGluZ3MiOnsicG9zdF9pZCI6IjIzNDkiLCJlbmFibGVfaHRtbCI6Im9mZiJ9fQ==@\u00bb url_new_window=\u00bbon\u00bb button_text=\u00bbSobre el Retiro de Gran Canaria y Enlaces de Inscripci\u00f3n\u00bb button_alignment=\u00bbright\u00bb _builder_version=\u00bb4.27.4&#8243; _dynamic_attributes=\u00bbbutton_url\u00bb _module_preset=\u00bbdefault\u00bb button_text_size=\u00bb15px\u00bb button_bg_color=\u00bbgcid-bdeab0a7-e94b-425f-968a-b91dd457096d\u00bb button_use_icon=\u00bboff\u00bb hover_enabled=\u00bb0&#8243; global_colors_info=\u00bb{%22gcid-bdeab0a7-e94b-425f-968a-b91dd457096d%22:%91%22button_bg_color%22%93}\u00bb custom_padding=\u00bb20px|24px|20px|24px|true|true\u00bb sticky_enabled=\u00bb0&#8243; custom_margin=\u00bb20px||||false|false\u00bb][\/et_pb_button][\/et_pb_column][\/et_pb_row][\/et_pb_section][et_pb_section fb_built=\u00bb1&#8243; admin_label=\u00bbText &#038; Image\u00bb _builder_version=\u00bb4.18.0&#8243; _module_preset=\u00bbdefault\u00bb locked=\u00bboff\u00bb collapsed=\u00bbon\u00bb global_colors_info=\u00bb{}\u00bb][et_pb_row column_structure=\u00bb1_2,1_2&#8243; _builder_version=\u00bb4.24.3&#8243; _module_preset=\u00bb5138c454-be54-4233-bd3b-f8e6a8747976&#8243; global_colors_info=\u00bb{}\u00bb][et_pb_column type=\u00bb1_2&#8243; _builder_version=\u00bb4.16&#8243; _module_preset=\u00bb73121f80-a3ef-4484-8763-c3f18e3c56d2&#8243; global_colors_info=\u00bb{}\u00bb][et_pb_heading title=\u00bbLa corriente productiva\u00bb _builder_version=\u00bb4.24.3&#8243; _module_preset=\u00bbc33f07d9-41e0-421a-8799-5799df695cce\u00bb locked=\u00bboff\u00bb global_colors_info=\u00bb{}\u00bb][\/et_pb_heading][et_pb_text _builder_version=\u00bb4.24.3&#8243; _module_preset=\u00bb2c55a9c4-feed-423b-9edb-ae0b5b365cac\u00bb border_radii=\u00bbon|6px|6px|6px|6px\u00bb locked=\u00bboff\u00bb global_colors_info=\u00bb{%22gcid-36fd78a7-34bc-404d-873c-dafa34efaae5%22:%91%22icon_color%22,%22icon_color%22%93}\u00bb body_font_size_tablet=\u00bb15px\u00bb body_font_size_phone=\u00bb14px\u00bb body_font_size_last_edited=\u00bbon|desktop\u00bb]<\/p>\n<p>La primera Corriente, la Corriente Productiva, te lleva desde tus comienzos&#8230; tu forma inicial en bruto&#8230; y te transforma en un ser humano vivificado. Fluye en un v\u00f3rtice espiral hacia arriba o hacia abajo de tu cuerpo, en Liberaci\u00f3n o en Encarnaci\u00f3n, activando cada Chakra. Como primera llave del Reino, te conduce a tu primera Iluminaci\u00f3n y te aporta las riquezas de una vida plena y una profunda comprensi\u00f3n de qui\u00e9n eres. S\u00f3lo una persona decidida puede crear una Corriente Productiva plena y profunda. Pocos lo consiguen. Pero, t\u00fa puedes.     <\/p>\n<p><strong>El Don de la Corriente Productiva es la productividad misma.<\/strong>  Se produce energ\u00eda abundante. Irradia de ti e irradia a trav\u00e9s de ti. A medida que superas cada reto y cada paso a lo largo de la Corriente Productiva, la energ\u00eda, el poder y la claridad son tuyos.<strong> Se produce resplandor femenino o presencia masculina<\/strong>. La plenitud se crea a lo largo de esta Corriente a medida que tu naturaleza f\u00edsica gana significado y tu esencia et\u00e9rea gana las experiencias de la vida. Una Corriente Productiva plena y completa te lleva a la iluminaci\u00f3n.    <\/p>\n<p>&nbsp;<\/p>\n<p>[\/et_pb_text][\/et_pb_column][et_pb_column type=\u00bb1_2&#8243; _builder_version=\u00bb4.24.3&#8243; _module_preset=\u00bb73121f80-a3ef-4484-8763-c3f18e3c56d2&#8243; global_colors_info=\u00bb{}\u00bb][et_pb_image src=\u00bbhttps:\/\/images.unsplash.com\/photo-1543039625-14cbd3802e7d?ixid=M3w1ODkyNzF8MHwxfHNlYXJjaHwxfHx2aWJyYW50JTIwbmF0dXJlJTIwbGFuZHNjYXBlfGVufDB8MHx8fDE3Mjg0NDIwNDB8MA&#038;ixlib=rb-4.0.3&#038;fm=webp&#038;fit=crop&#038;crop=entropy&#038;w=1080&#038;h=600&#038;q=20&#038;dpr=2&#8243; title_text=\u00bb1080&#215;600&#8243; _builder_version=\u00bb4.23.1&#8243; _module_preset=\u00bb6ed8fd5c-62c5-4100-98c3-7b8b6d2c2ee6&#8243; global_colors_info=\u00bb{}\u00bb][\/et_pb_image][et_pb_text _builder_version=\u00bb4.27.4&#8243; _module_preset=\u00bbdefault\u00bb global_colors_info=\u00bb{}\u00bb]<\/p>\n<p><strong>Cuando esta Corriente es profunda, plena y fuerte, sientes una gratificante sensaci\u00f3n de progreso en tu vida.<\/strong>  Te conoces. Esta \u00abiluminaci\u00f3n\u00bb te cambia. Profundiza y ampl\u00eda tu comprensi\u00f3n de tu propia existencia.  <\/p>\n<p>Cuando la Corriente Productiva llena el embalse en su extremo se produce la Iluminaci\u00f3n, se abre un gran aliviadero, y<strong> la oleada de la iluminaci\u00f3n que ganaste fluye hacia tu vida,<\/strong> y de nuevo hacia tu R\u00edo, creando tu Corriente de Iluminaci\u00f3n.<\/p>\n<p>&nbsp;<\/p>\n<p>[\/et_pb_text][\/et_pb_column][\/et_pb_row][et_pb_row column_structure=\u00bb1_2,1_2&#8243; _builder_version=\u00bb4.27.4&#8243; _module_preset=\u00bb5138c454-be54-4233-bd3b-f8e6a8747976&#8243; border_width_all=\u00bb3px\u00bb border_color_all=\u00bbgcid-bdeab0a7-e94b-425f-968a-b91dd457096d\u00bb box_shadow_style=\u00bbpreset2&#8243; global_colors_info=\u00bb{%22gcid-bdeab0a7-e94b-425f-968a-b91dd457096d%22:%91%22border_color_all%22%93}\u00bb][et_pb_column type=\u00bb1_2&#8243; _builder_version=\u00bb4.16&#8243; _module_preset=\u00bb73121f80-a3ef-4484-8763-c3f18e3c56d2&#8243; global_colors_info=\u00bb{}\u00bb][et_pb_heading title=\u00bbLa corriente de iluminaci\u00f3n  \u00bb _builder_version=\u00bb4.24.3&#8243; _module_preset=\u00bbc33f07d9-41e0-421a-8799-5799df695cce\u00bb locked=\u00bboff\u00bb global_colors_info=\u00bb{}\u00bb][\/et_pb_heading][et_pb_text _builder_version=\u00bb4.27.4&#8243; _module_preset=\u00bbdefault\u00bb global_colors_info=\u00bb{}\u00bb]<\/p>\n<p>La segunda Corriente, la Corriente de Iluminaci\u00f3n, trae al mundo al ser humano en el que te has convertido a trav\u00e9s de la Corriente Productiva, y la Iluminaci\u00f3n que obtuviste en tu Iluminaci\u00f3n. En lugar de comenzar esta Corriente en bruto, comienzas con un \u00abT\u00fa\u00bb iluminado. <\/p>\n<p>[\/et_pb_text][et_pb_image src=\u00bbhttps:\/\/images.unsplash.com\/photo-1603983616619-faf118d6c374?ixid=M3w1ODkyNzF8MHwxfHNlYXJjaHw0fHxtaW5kZnVsbmVzcyUyMG1lZGl0YXRpb24lMjBzZXNzaW9ufGVufDB8MHx8fDE3MjgzODAxNDZ8MA&#038;ixlib=rb-4.0.3&#038;fm=webp&#038;fit=crop&#038;crop=entropy&#038;w=1080&#038;h=600&#038;q=20&#038;dpr=2&#8243; title_text=\u00bb1080&#215;600&#8243; _builder_version=\u00bb4.23.1&#8243; _module_preset=\u00bb6ed8fd5c-62c5-4100-98c3-7b8b6d2c2ee6&#8243; locked=\u00bboff\u00bb global_colors_info=\u00bb{}\u00bb][\/et_pb_image][\/et_pb_column][et_pb_column type=\u00bb1_2&#8243; _builder_version=\u00bb4.16&#8243; _module_preset=\u00bb73121f80-a3ef-4484-8763-c3f18e3c56d2&#8243; global_colors_info=\u00bb{}\u00bb][et_pb_text _builder_version=\u00bb4.27.4&#8243; _module_preset=\u00bb2c55a9c4-feed-423b-9edb-ae0b5b365cac\u00bb locked=\u00bboff\u00bb global_colors_info=\u00bb{%22gcid-36fd78a7-34bc-404d-873c-dafa34efaae5%22:%91%22icon_color%22,%22icon_color%22%93}\u00bb body_font_size_tablet=\u00bb15px\u00bb body_font_size_phone=\u00bb14px\u00bb body_font_size_last_edited=\u00bbon|desktop\u00bb]<\/p>\n<p>Como segunda llave del Reino, esta Corriente lleva al mundo los dones de la Iluminaci\u00f3n Divina que has obtenido y las riquezas de la vida plena que has alcanzado. El paso por la Corriente de la Iluminaci\u00f3n aporta una profundidad a\u00fan m\u00e1s vivificada a tu cuerpo y a tu alma, que conduce a una segunda Iluminaci\u00f3n. <\/p>\n<p>Cada paso de transformaci\u00f3n a lo largo de esta Corriente anima y construye tu capacidad para vivir la iluminaci\u00f3n que alcanzaste, y compartirla con los dem\u00e1s. \u00c9ste es su Regalo. La Corriente de la Iluminaci\u00f3n te compromete a compartir, actualizar y ampliar tu Iluminaci\u00f3n y tu comprensi\u00f3n de la misma. Al hacerlo, naturalmente inspiras e iluminas a los que te rodean.   <\/p>\n<p>Cuando tu Corriente de Iluminaci\u00f3n se expande y se desarrolla en pleno flujo, llena el 2\u00ba dep\u00f3sito, trayendo un profundo recuerdo e iluminaci\u00f3n de qui\u00e9n eres realmente. Exploras este conjunto de orillas y encuentras tu fuente con lo Divino.   <\/p>\n<p>Y, aunque fluya tu Corriente de Iluminaci\u00f3n, tu Corriente Productiva debe ser cuidada, aumentada, o tu R\u00edo vacilar\u00e1, perdiendo su caudal desde la fuente.<span class=\"Apple-converted-space\"> <\/span><\/p>\n<blockquote>\n<p><span><b><i>Dice el Dr. David:<\/i><\/b><\/span><i><span class=\"Apple-converted-space\">  <\/span><\/i>Cuando cualquiera de las Corrientes fluye plenamente, las personas afirman sentir alteraciones de conciencia, sensaciones y experiencias. Su cuerpo puede ondular y vibrar. El tiempo se altera. Se experimenta algo m\u00e1gico.   <\/p>\n<\/blockquote>\n<p>[\/et_pb_text][\/et_pb_column][\/et_pb_row][et_pb_row column_structure=\u00bb1_2,1_2&#8243; _builder_version=\u00bb4.18.0&#8243; _module_preset=\u00bb5138c454-be54-4233-bd3b-f8e6a8747976&#8243; global_colors_info=\u00bb{}\u00bb][et_pb_column type=\u00bb1_2&#8243; _builder_version=\u00bb4.16&#8243; _module_preset=\u00bb73121f80-a3ef-4484-8763-c3f18e3c56d2&#8243; global_colors_info=\u00bb{}\u00bb][et_pb_heading title=\u00bbLa corriente de unificaci\u00f3n  \u00bb _builder_version=\u00bb4.24.3&#8243; _module_preset=\u00bbc33f07d9-41e0-421a-8799-5799df695cce\u00bb locked=\u00bboff\u00bb global_colors_info=\u00bb{}\u00bb][\/et_pb_heading][et_pb_text _builder_version=\u00bb4.27.4&#8243; _module_preset=\u00bbdefault\u00bb global_colors_info=\u00bb{}\u00bb]<\/p>\n<p>Cuando el flujo de las dos primeras Corrientes es fuerte y ambos dep\u00f3sitos est\u00e1n llenos, las compuertas de cada dep\u00f3sito se abren creando un flujo que surge directamente de tu Coraz\u00f3n, y luego sale a lo largo de tu R\u00edo hacia los Chakras Coronario y Ra\u00edz. \u00c9sta es tu Corriente de Unificaci\u00f3n. Aporta la energ\u00eda de la Unidad despierta. Es la fuente de la experiencia de la Uni\u00f3n. Llega como un \u00e9xtasis intemporal y un poder enfocado del ser.    <\/p>\n<p>La Corriente de Unificaci\u00f3n es la tercera llave del Reino, presenta un tercer Don a este mundo. Es la unificaci\u00f3n pura y plena de la Divinidad Et\u00e9rea y la Divinidad F\u00edsica aqu\u00ed en la Tierra. La resonancia creada cambia la realidad, organiz\u00e1ndola en una nueva estructura din\u00e1mica, igual que el magnetismo organiza las limaduras de hierro. El foco de este resplandor es la realineaci\u00f3n de tu vida con la Divinidad en sus formas et\u00e9rea y f\u00edsica.   <\/p>\n<p>Esta tercera Corriente es una corriente de transformaci\u00f3n despierta. En el mismo momento est\u00e1s viviendo plenamente en las profundidades envolventes de tu cuerpo f\u00edsico, y est\u00e1s viviendo plenamente en tu unidad expandida con lo Divino. Conoces, experimentas e irradias profundamente tanto tu humanidad divina como tu naturaleza et\u00e9rea divina. Y puedes observar lo que experimentas en plena relaci\u00f3n con lo que realmente es.   <\/p>\n<blockquote>\n<p><b><i>Dice el Dr. David:<\/i><\/b><span><i>  <\/i><i><\/i><\/span>Las personas que han experimentado una Corriente de Unificaci\u00f3n completa han manifestado tener la sensaci\u00f3n de ser las estrellas que fluyen hacia los brazos en espiral de la galaxia, penetrando y barriendo los Cielos. Y se han sentido enraizados y profundamente f\u00edsicos, con abundantes e infinitas dimensiones interiores. <\/p>\n<\/blockquote>\n<p>[\/et_pb_text][et_pb_text _builder_version=\u00bb4.27.4&#8243; _module_preset=\u00bbdefault\u00bb global_colors_info=\u00bb{}\u00bb][\/et_pb_text][\/et_pb_column][et_pb_column type=\u00bb1_2&#8243; _builder_version=\u00bb4.16&#8243; _module_preset=\u00bb73121f80-a3ef-4484-8763-c3f18e3c56d2&#8243; global_colors_info=\u00bb{}\u00bb][et_pb_text _builder_version=\u00bb4.24.3&#8243; _module_preset=\u00bb2c55a9c4-feed-423b-9edb-ae0b5b365cac\u00bb locked=\u00bboff\u00bb global_colors_info=\u00bb{%22gcid-36fd78a7-34bc-404d-873c-dafa34efaae5%22:%91%22icon_color%22,%22icon_color%22%93}\u00bb body_font_size_tablet=\u00bb15px\u00bb body_font_size_phone=\u00bb14px\u00bb body_font_size_last_edited=\u00bbon|desktop\u00bb]<\/p>\n<p>La primera experiencia de la Corriente de Unificaci\u00f3n puede centrarse dentro y entre ciertos Manantiales de Amor. Las experiencias posteriores pueden ampliar su extensi\u00f3n hasta que el Canal y la Corriente de Unificaci\u00f3n est\u00e9n plenamente desarrollados. <\/p>\n<p>Una Corriente de Unificaci\u00f3n din\u00e1mica y viva enlaza los dos dep\u00f3sitos con rapto expansivo. La Luz de los Cielos y el Canto de la Tierra se unifican. La Divinidad hace el amor a la Divinidad.  <\/p>\n<blockquote>\n<p><span><b><i>Dice el Dr. David:<\/i><\/b><\/span><i><span class=\"Apple-converted-space\">  <\/span><\/i>Aqu\u00ed se relata el \u00e9xtasis y el arrobamiento de un coraz\u00f3n infinito, de un amor infinito. El asombro y el deleite se sienten cuando el cuerpo y el alma cobran vida juntos, vibrando y radiantes, cantando y brillando, enteros y completos. <\/p>\n<\/blockquote>\n<p>[\/et_pb_text][et_pb_image src=\u00bbhttps:\/\/createaliveness.com\/wp-content\/uploads\/2025\/09\/AdobeStock_413683982.webp\u00bb title_text=\u00bbAdobeStock_413683982&#8243; _builder_version=\u00bb4.27.4&#8243; _module_preset=\u00bb6ed8fd5c-62c5-4100-98c3-7b8b6d2c2ee6&#8243; locked=\u00bboff\u00bb global_colors_info=\u00bb{}\u00bb][\/et_pb_image][\/et_pb_column][\/et_pb_row][et_pb_row _builder_version=\u00bb4.24.3&#8243; _module_preset=\u00bb5138c454-be54-4233-bd3b-f8e6a8747976&#8243; global_colors_info=\u00bb{}\u00bb][et_pb_column type=\u00bb4_4&#8243; _builder_version=\u00bb4.18.0&#8243; _module_preset=\u00bb73121f80-a3ef-4484-8763-c3f18e3c56d2&#8243; global_colors_info=\u00bb{}\u00bb][et_pb_cta title=\u00bbRetiro de 5 d\u00edas en Gran Canaria\u00bb button_url=\u00bb#\u00bb button_text=\u00bbSobre el Retiro. Enlaces de inscripci\u00f3n. \u00bb _builder_version=\u00bb4.27.4&#8243; _module_preset=\u00bb4c2ad5d0-871e-414e-a4be-aa9134d4ae8e\u00bb header_text_color=\u00bb#FFFFFF\u00bb body_text_color=\u00bb#FFFFFF\u00bb background_color=\u00bbgcid-bdeab0a7-e94b-425f-968a-b91dd457096d\u00bb use_background_color_gradient=\u00bbon\u00bb background_color_gradient_direction=\u00bb65deg\u00bb background_color_gradient_stops=\u00bb#000000 0%|rgba(255,255,255,0) 100%\u00bb background_color_gradient_overlays_image=\u00bbon\u00bb background_enable_image=\u00bboff\u00bb button_text_color=\u00bbgcid-c8c4698f-2c8f-4803-ad40-6f6448af7cd9&#8243; button_bg_color=\u00bb#FFFFFF\u00bb custom_padding=\u00bb60px|60px|60px|60px|true|true\u00bb custom_padding_tablet=\u00bb30px|30px|30px|30px|true|true\u00bb custom_padding_phone=\u00bb20px|20px|20px|20px|true|true\u00bb custom_padding_last_edited=\u00bbon|desktop\u00bb hover_enabled=\u00bb0&#8243; locked=\u00bboff\u00bb global_colors_info=\u00bb{%22gcid-primary-color%22:%91%22button_bg_color%22,%22button_bg_color%22,%22button_bg_color%22,%22button_bg_color%22%93,%22gcid-body-color%22:%91%22body_text_color%22,%22body_text_color%22,%22body_text_color%22,%22body_text_color%22%93,%22gcid-heading-color%22:%91%22header_text_color%22,%22header_text_color%22,%22header_text_color%22,%22header_text_color%22%93,%22gcid-36fd78a7-34bc-404d-873c-dafa34efaae5%22:%91%22color%22%93,%22gcid-7cadd8b3-5228-48e4-90c4-212d09232f7b%22:%91%22header_text_color%22,%22header_text_color%22,%22color%22,%22color%22,%22color%22,%22color%22%93,%22gcid-f113ad93-2527-46d7-862b-fc71181c6b5e%22:%91%22border_color_all%22,%22border_color_all%22%93,%22gcid-bdeab0a7-e94b-425f-968a-b91dd457096d%22:%91%22background_color%22%93,%22gcid-c8c4698f-2c8f-4803-ad40-6f6448af7cd9%22:%91%22button_text_color%22%93}\u00bb text_font_size_tablet=\u00bb16px\u00bb text_font_size_phone=\u00bb14px\u00bb text_font_size_last_edited=\u00bbon|phone\u00bb sticky_enabled=\u00bb0&#8243;]<\/p>\n<p>\u00bfEst\u00e1s preparado para transformar tu vida y tus relaciones? Descubre el poder de la vitalidad con la gu\u00eda experta del Dr. David Breitbach y Lila Holdal. Tanto si buscas crecimiento personal como conexiones m\u00e1s profundas con los dem\u00e1s, nuestros programas te ofrecen las herramientas y el apoyo que necesitas para prosperar. Elimina los bloqueos a tu flujo y experimenta las tres Corrientes de Transformaci\u00f3n. \u00a1\u00danete a nosotros!    <\/p>\n<p>[\/et_pb_cta][\/et_pb_column][\/et_pb_row][\/et_pb_section]<\/p>\n","protected":false},"excerpt":{"rendered":"<p>con el Dr. David Breitbach y Lila HoldalTus Manantiales del Amor (Chakras), cuando est\u00e1n vivos y fluyen, crean un R\u00edo que corre a trav\u00e9s de ti. Este R\u00edo de Ahz fluye de tu Ra\u00edz a tu Corona por su Canal de Liberaci\u00f3n y de tu Corona a tu Ra\u00edz por su Canal de Encarnaci\u00f3n. El [&hellip;]<\/p>\n","protected":false},"author":1,"featured_media":0,"parent":0,"menu_order":0,"comment_status":"closed","ping_status":"closed","template":"","meta":{"_et_pb_use_builder":"on","_et_pb_old_content":"","_et_gb_content_width":"","om_disable_all_campaigns":false,"_uf_show_specific_survey":0,"_uf_disable_surveys":false,"footnotes":""},"class_list":["post-2917","page","type-page","status-publish","hentry"],"aioseo_notices":[],"jetpack_sharing_enabled":true,"_links":{"self":[{"href":"https:\/\/createaliveness.com\/es\/wp-json\/wp\/v2\/pages\/2917","targetHints":{"allow":["GET"]}}],"collection":[{"href":"https:\/\/createaliveness.com\/es\/wp-json\/wp\/v2\/pages"}],"about":[{"href":"https:\/\/createaliveness.com\/es\/wp-json\/wp\/v2\/types\/page"}],"author":[{"embeddable":true,"href":"https:\/\/createaliveness.com\/es\/wp-json\/wp\/v2\/users\/1"}],"replies":[{"embeddable":true,"href":"https:\/\/createaliveness.com\/es\/wp-json\/wp\/v2\/comments?post=2917"}],"version-history":[{"count":6,"href":"https:\/\/createaliveness.com\/es\/wp-json\/wp\/v2\/pages\/2917\/revisions"}],"predecessor-version":[{"id":2923,"href":"https:\/\/createaliveness.com\/es\/wp-json\/wp\/v2\/pages\/2917\/revisions\/2923"}],"wp:attachment":[{"href":"https:\/\/createaliveness.com\/es\/wp-json\/wp\/v2\/media?parent=2917"}],"curies":[{"name":"wp","href":"https:\/\/api.w.org\/{rel}","templated":true}]}}